{"id":185148,"date":"2021-11-22T12:41:26","date_gmt":"2021-11-22T12:41:26","guid":{"rendered":"https:\/\/pussydolls.co.uk\/faq\/"},"modified":"2021-11-22T21:20:17","modified_gmt":"2021-11-22T21:20:17","slug":"faq","status":"publish","type":"page","link":"https:\/\/pussydolls.co.uk\/fr\/faq\/","title":{"rendered":"FAQ"},"content":{"rendered":"\t\t<div data-elementor-type=\"wp-page\" data-elementor-id=\"185148\" class=\"elementor elementor-185148\" data-elementor-post-type=\"page\">\n\t\t\t\t\t\t<section class=\"elementor-section elementor-top-section elementor-element elementor-element-1c64f9cf elementor-section-boxed elementor-section-height-default elementor-section-height-default\" data-id=\"1c64f9cf\" data-element_type=\"section\" data-e-type=\"section\">\n\t\t\t\t\t\t<div class=\"elementor-container elementor-column-gap-default\">\n\t\t\t\t\t<div class=\"elementor-column elementor-col-100 elementor-top-column elementor-element elementor-element-2d657cb1\" data-id=\"2d657cb1\" data-element_type=\"column\" data-e-type=\"column\">\n\t\t\t<div class=\"elementor-widget-wrap elementor-element-populated\">\n\t\t\t\t\t\t<div class=\"elementor-element elementor-element-3e199a1 elementor-widget elementor-widget-spacer\" data-id=\"3e199a1\" data-element_type=\"widget\" data-e-type=\"widget\" data-widget_type=\"spacer.default\">\n\t\t\t\t<div class=\"elementor-widget-container\">\n\t\t\t\t\t\t\t<div class=\"elementor-spacer\">\n\t\t\t<div class=\"elementor-spacer-inner\"><\/div>\n\t\t<\/div>\n\t\t\t\t\t\t<\/div>\n\t\t\t\t<\/div>\n\t\t\t\t\t<\/div>\n\t\t<\/div>\n\t\t\t\t\t<\/div>\n\t\t<\/section>\n\t\t\t\t<section class=\"elementor-section elementor-top-section elementor-element elementor-element-03d03dd elementor-section-boxed elementor-section-height-default elementor-section-height-default\" data-id=\"03d03dd\" data-element_type=\"section\" data-e-type=\"section\">\n\t\t\t\t\t\t<div class=\"elementor-container elementor-column-gap-default\">\n\t\t\t\t\t<div class=\"elementor-column elementor-col-50 elementor-top-column elementor-element elementor-element-3cf1169\" data-id=\"3cf1169\" data-element_type=\"column\" data-e-type=\"column\">\n\t\t\t<div class=\"elementor-widget-wrap elementor-element-populated\">\n\t\t\t\t\t\t<div class=\"elementor-element elementor-element-dbc7c1c elementor-nav-menu__align-center elementor-nav-menu--dropdown-none elementor-widget elementor-widget-nav-menu\" data-id=\"dbc7c1c\" data-element_type=\"widget\" data-e-type=\"widget\" data-settings=\"{&quot;layout&quot;:&quot;vertical&quot;,&quot;submenu_icon&quot;:{&quot;value&quot;:&quot;&lt;i class=\\&quot;fas fa-caret-down\\&quot;&gt;&lt;\\\/i&gt;&quot;,&quot;library&quot;:&quot;fa-solid&quot;}}\" data-widget_type=\"nav-menu.default\">\n\t\t\t\t<div class=\"elementor-widget-container\">\n\t\t\t\t\t\t\t\t<nav aria-label=\"Menu\" class=\"elementor-nav-menu--main elementor-nav-menu__container elementor-nav-menu--layout-vertical e--pointer-background e--animation-fade\">\n\t\t\t\t<ul id=\"menu-1-dbc7c1c\" class=\"elementor-nav-menu sm-vertical\"><li class=\"menu-item menu-item-type-post_type menu-item-object-page menu-item-185471\"><a href=\"https:\/\/pussydolls.co.uk\/fr\/politique-dexpedition\/\" class=\"elementor-item\">Exp\u00e9dition<\/a><\/li>\n<li class=\"menu-item menu-item-type-post_type menu-item-object-page menu-item-185473\"><a href=\"https:\/\/pussydolls.co.uk\/fr\/remboursement-de-poupee-sexuelle-retours-de-poupees-sexuelles\/\" class=\"elementor-item\">Retours et Remboursements<\/a><\/li>\n<li class=\"menu-item menu-item-type-post_type menu-item-object-page menu-item-185472\"><a href=\"https:\/\/pussydolls.co.uk\/fr\/politique-de-confidentialite\/\" class=\"elementor-item\">Politique De Confidentialit\u00e9<\/a><\/li>\n<li class=\"menu-item menu-item-type-post_type menu-item-object-page menu-item-185469\"><a href=\"https:\/\/pussydolls.co.uk\/fr\/faq\/\" class=\"elementor-item\">FAQ<\/a><\/li>\n<li class=\"menu-item menu-item-type-post_type menu-item-object-page menu-item-185470\"><a href=\"https:\/\/pussydolls.co.uk\/fr\/nous-contacter\/\" class=\"elementor-item\">Nous Contacter<\/a><\/li>\n<\/ul>\t\t\t<\/nav>\n\t\t\t\t\t\t<nav class=\"elementor-nav-menu--dropdown elementor-nav-menu__container\" aria-hidden=\"true\">\n\t\t\t\t<ul id=\"menu-2-dbc7c1c\" class=\"elementor-nav-menu sm-vertical\"><li class=\"menu-item menu-item-type-post_type menu-item-object-page menu-item-185471\"><a href=\"https:\/\/pussydolls.co.uk\/fr\/politique-dexpedition\/\" class=\"elementor-item\" tabindex=\"-1\">Exp\u00e9dition<\/a><\/li>\n<li class=\"menu-item menu-item-type-post_type menu-item-object-page menu-item-185473\"><a href=\"https:\/\/pussydolls.co.uk\/fr\/remboursement-de-poupee-sexuelle-retours-de-poupees-sexuelles\/\" class=\"elementor-item\" tabindex=\"-1\">Retours et Remboursements<\/a><\/li>\n<li class=\"menu-item menu-item-type-post_type menu-item-object-page menu-item-185472\"><a href=\"https:\/\/pussydolls.co.uk\/fr\/politique-de-confidentialite\/\" class=\"elementor-item\" tabindex=\"-1\">Politique De Confidentialit\u00e9<\/a><\/li>\n<li class=\"menu-item menu-item-type-post_type menu-item-object-page menu-item-185469\"><a href=\"https:\/\/pussydolls.co.uk\/fr\/faq\/\" class=\"elementor-item\" tabindex=\"-1\">FAQ<\/a><\/li>\n<li class=\"menu-item menu-item-type-post_type menu-item-object-page menu-item-185470\"><a href=\"https:\/\/pussydolls.co.uk\/fr\/nous-contacter\/\" class=\"elementor-item\" tabindex=\"-1\">Nous Contacter<\/a><\/li>\n<\/ul>\t\t\t<\/nav>\n\t\t\t\t\t\t<\/div>\n\t\t\t\t<\/div>\n\t\t\t\t\t<\/div>\n\t\t<\/div>\n\t\t\t\t<div class=\"elementor-column elementor-col-50 elementor-top-column elementor-element elementor-element-23980a3\" data-id=\"23980a3\" data-element_type=\"column\" data-e-type=\"column\">\n\t\t\t<div class=\"elementor-widget-wrap elementor-element-populated\">\n\t\t\t\t\t\t<div class=\"elementor-element elementor-element-542c9d86 elementor-widget elementor-widget-text-editor\" data-id=\"542c9d86\" data-element_type=\"widget\" data-e-type=\"widget\" data-widget_type=\"text-editor.default\">\n\t\t\t\t<div class=\"elementor-widget-container\">\n\t\t\t\t\t\t\t\t\t<p><\/p>\n<h3><strong>1. Qu&rsquo;est-ce que le silicone et le TPE ?<\/strong><\/h3>\n<p><\/p>\n<p><\/p>\n<p>Le silicone et le TPE sont tous deux des mat\u00e9riaux de haute qualit\u00e9. &nbsp;Le silicone est g\u00e9n\u00e9ralement consid\u00e9r\u00e9 comme le mat\u00e9riau le plus durable, le plus cher et le plus facile \u00e0 nettoyer. Alors que le TPE est le plus r\u00e9aliste, le moins cher et demande plus de soin \u00e0 nettoyer.<\/p>\n<p><\/p>\n<p><\/p>\n<p>Toutes nos poup\u00e9es sont fabriqu\u00e9es en silicone de qualit\u00e9 m\u00e9dicale ou en TPE. Pour les d\u00e9tails des mat\u00e9riaux utilis\u00e9s, veuillez vous r\u00e9f\u00e9rer \u00e0 la description du produit de chaque poup\u00e9e individuelle. Le TPE et le silicone sont tous deux imperm\u00e9ables.<\/p>\n<p><\/p>\n<p><\/p>\n<p><\/p>\n<p><\/p>\n<h3>2. <strong>Quelle est la diff\u00e9rence entre le vagin amovible et le vagin fixe ? &nbsp;<\/strong><\/h3>\n<p><\/p>\n<p><\/p>\n<p>Le vagin fixe est int\u00e9gr\u00e9 au corps de la poup\u00e9e. Un vagin amovible est un insert qui peut \u00eatre retir\u00e9 pour le nettoyage et le lavage (un peu comme un Fleshlight).<\/p>\n<p><\/p>\n<p><\/p>\n<p>Fixed est meilleur pour les utilisateurs exp\u00e9riment\u00e9s et l&rsquo;insert est meilleur pour les d\u00e9butants car il est plus facile \u00e0 nettoyer. Aucune diff\u00e9rence en termes de durabilit\u00e9.<\/p>\n<p><\/p>\n<p><\/p>\n<h3>&nbsp;<strong>3. Pied debout ou pied r\u00e9gulier ?<\/strong><\/h3>\n<p><\/p>\n<p><\/p>\n<p>En pied debout, la cheville a \u00e9t\u00e9 redessin\u00e9e et le bas du pied renforc\u00e9. Il est plat \u00e0 90 degr\u00e9s et peut se plier \u00e0 la cheville vers le bas jusqu&rsquo;\u00e0 150 degr\u00e9s. Le pied ne peut pas se d\u00e9placer vers le haut ou d&rsquo;un c\u00f4t\u00e9 \u00e0 l&rsquo;autre. Cela donne \u00e0 la poup\u00e9e la possibilit\u00e9 de se tenir debout toute seule.<\/p>\n<p><\/p>\n<p><\/p>\n<p><\/p>\n<p><\/p>\n<h3><strong>4. Combien de temps dure la poup\u00e9e sexuelle ?<\/strong><\/h3>\n<p><\/p>\n<p><\/p>\n<p>Une poup\u00e9e sexuelle peut durer de 2 ans \u00e0 10 ans selon l&rsquo;utilisation et l&rsquo;entretien. Les kits de r\u00e9paration peuvent \u00eatre utilis\u00e9s pour r\u00e9parer les usures mineures.<\/p>\n<p><\/p>\n<p><\/p>\n<p><\/p>\n<p><\/p>\n<h3><strong>5. Comment faites-vous l&rsquo;amour avec des poup\u00e9es sexuelles ?<\/strong><\/h3>\n<p><\/p>\n<p><\/p>\n<p>5. Commentez faites-vous l&rsquo;amour avec des poup\u00e9es sexuelles ? Les poup\u00e9es m\u00e2les ont 2 entr\u00e9es pour la p\u00e9n\u00e9tration \u2013 orale et anale. Ces entr\u00e9es sont con\u00e7ues pour donner un plaisir ultime.<\/p>\n<p><\/p>\n<p><\/p>\n<p><\/p>\n<p><\/p>\n<h3><strong>6. Qu&rsquo;est-ce que \u00e7a fait d&rsquo;avoir des relations sexuelles avec des poup\u00e9es sexuelles ?<\/strong><\/h3>\n<p><\/p>\n<p><\/p>\n<p>Les poup\u00e9es sexuelles sont con\u00e7ues pour se sentir \u00ab comme la vraie chose \u00bb. Ils sont doux au toucher et tr\u00e8s r\u00e9alistes. Les traits du visage et les parties du corps sont moul\u00e9s \u00e0 partir d&rsquo;une vraie femme et ensuite souvent am\u00e9lior\u00e9s pour r\u00e9pondre \u00e0 vos besoins. Vous voulez des seins plus gros ou un cul plus ferme ? Ils sont faits comme vous les aimez.<\/p>\n<p><\/p>\n<p><\/p>\n<p>Embrasser peut sembler tr\u00e8s r\u00e9el ! Le visage est doux, vous pouvez mettre votre langue dans sa bouche et sentir la sienne. Les seins d&rsquo;une poup\u00e9e sexuelle sont doux et ronds et tr\u00e8s compressibles, des mamelons doux et gaies avec de superbes fesses aussi.<\/p>\n<p><\/p>\n<p><\/p>\n<p>Le vagin d&rsquo;une poup\u00e9e d&rsquo;amour est l&rsquo;endroit o\u00f9 vont la plupart des soins et de l&rsquo;attention. L&rsquo;int\u00e9rieur des entr\u00e9es vaginales est moul\u00e9 dans le cadre des poup\u00e9es et a une texture et une forme qui leur donnent l&rsquo;impression d&rsquo;\u00eatre une vraie personne. Les l\u00e8vres vaginales d&rsquo;une poup\u00e9e peuvent \u00eatre \u00e9cart\u00e9es de mani\u00e8re tr\u00e8s r\u00e9aliste.&nbsp;<\/p>\n<p><\/p>\n<p><\/p>\n<h3><strong>7. Comment nettoyer les poup\u00e9es sexuelles ?<\/strong><\/h3>\n<p><\/p>\n<p><\/p>\n<p>Les poup\u00e9es sexuelles doivent \u00eatre propres \u00e0 chaque utilisation, avec une mousse de douche douce. Retirez la t\u00eate et nettoyez s\u00e9par\u00e9ment. Retirez la t\u00eate et nettoyez s\u00e9par\u00e9ment. Ne pas utiliser de s\u00e8che-cheveux.<\/p>\n<p><\/p>\n<p><\/p>\n<p><\/p>\n<p><\/p>\n<h3><strong>8. Puis-je utiliser des couvertures chauffantes ?<\/strong><\/h3>\n<p><\/p>\n<p><\/p>\n<p>Oui, seulement pendant 15-20 minutes \u00e0 une temp\u00e9rature de 37 \u00b0C. Ne pas d\u00e9passer 40 \u00b0C. Le TPE le gardera au chaud pendant un certain temps. Soyez prudent, ne laissez pas les poup\u00e9es sexuelles surchauffer. Le TPE non seulement fondra, mais endommagera \u00e9galement le cadre du squelette en acier des poup\u00e9es sexuelles dans l&rsquo;environnement extr\u00eamement chaud.<\/p>\n<p><\/p>\n<p><\/p>\n<p><\/p>\n<p><\/p>\n<h3><strong>9. Puis-je percer les oreilles et les mamelons des poup\u00e9es, etc.?<\/strong><\/h3>\n<p><\/p>\n<p><\/p>\n<p>Oui, vous pouvez vous percer n&rsquo;importe o\u00f9 &#8211; oreilles, nez, nombril, clitoris, etc. Vous devez toujours utiliser un bijou droit plut\u00f4t qu&rsquo;une barre incurv\u00e9e pour de meilleurs r\u00e9sultats. Les trous de per\u00e7age deviendront permanents apr\u00e8s quelques jours. Lorsque vous utilisez des boucles d&rsquo;oreilles, n&rsquo;utilisez pas le dos des boucles d&rsquo;oreilles.<\/p>\n<p><\/p>\n<p><\/p>\n<p><\/p>\n<p><\/p>\n<h3><strong>10. Puis-je vaporiser du parfum dessus ?<\/strong><\/h3>\n<p><\/p>\n<p><\/p>\n<p>&nbsp;Certains parfums peuvent contenir de l&rsquo;alcool qui peut endommager la peau, nous vous sugg\u00e9rons donc de vaporiser&nbsp; &nbsp;it sur une partie cach\u00e9e (comme l&rsquo;aisselle) ou d&rsquo;\u00e9viter les parfums qui contiennent de l&rsquo;alcool.<\/p>\n<p><\/p>\n<p><\/p>\n<p><\/p>\n<p><\/p>\n<h3>11.  <strong>Vais-je obtenir la poup\u00e9e exactement comme sur la photo ? Vais-je avoir le chiffon ?<\/strong><\/h3>\n<p><\/p>\n<p><\/p>\n<p>Oui! Vous obtiendrez la poup\u00e9e exacte comme vous le voyez sur les photos, la perruque et les v\u00eatements sont envoy\u00e9s au hasard (pas sur la photo). Veuillez noter que la perruque et les v\u00eatements sont uniquement destin\u00e9s \u00e0 l&rsquo;affichage. Vous obtiendrez une poup\u00e9e comme le montrent les photos et une perruque, des v\u00eatements au hasard.<\/p>\n<p><\/p>\n<p><\/p>\n<p><\/p>\n<p><\/p>\n<h3><strong>12. Comment disposer les poup\u00e9es sexuelles ?<\/strong><\/h3>\n<p><\/p>\n<p><\/p>\n<p>Soit vous pouvez vendre une poup\u00e9e sexuelle d&rsquo;occasion sur divers sites Web en ligne \u00e0 un prix r\u00e9duit par rapport au prix de vente d&rsquo;origine, ce qui peut \u00eatre tr\u00e8s avantageux pour quelqu&rsquo;un qui a d\u00e9sesp\u00e9r\u00e9ment besoin d&rsquo;une poup\u00e9e. Ou vous pouvez apporter \u00e0 votre centre de recyclage local et simplement d\u00e9clarer comme d\u00e9chet m\u00e9nager.<\/p>\n<p><\/p>\n<p><\/p>\n<p><\/p>\n<p><\/p>\n<h3><strong>13. Vendez-vous des poup\u00e9es sexuelles masculines ?<\/strong><\/h3>\n<p><\/p>\n<p><\/p>\n<p>Oui, nous avons les poup\u00e9es masculines les plus demand\u00e9es sur notre site Web. Les poup\u00e9es m\u00e2les sont disponibles en diff\u00e9rentes tailles et con\u00e7ues pour r\u00e9pondre \u00e0 vos attentes.<\/p>\n<p><\/p>\n<p><\/p>\n<h3><strong>14. La poup\u00e9e sexuelle masculine a-t-elle un trou dans les fesses et le p\u00e9nis vibre-t-il ?<\/strong><\/h3>\n<p><\/p>\n<p><\/p>\n<p>oui, la poup\u00e9e sexuelle masculine a un trou dans les fesses mais le p\u00e9nis ne vibre pas<\/p>\n<p><\/p>\n<p><\/p>\n<h3><strong>15. \u00c0 quoi puis-je m&rsquo;attendre dans le package ?<\/strong><\/h3>\n<p><\/p>\n<p><\/p>\n<p>Dans le paquet, vous obtiendrez une poup\u00e9e sexuelle, une perruque al\u00e9atoire, des yeux et des v\u00eatements.<\/p>\n<p><\/p>\n<p><\/p>\n<h3><strong>16. Exp\u00e9dition<\/strong> <\/h3>\n<p><\/p>\n<p><\/p>\n<p>Nous fournissons un emballage 100% discret et livrons par&nbsp;FEDEX, UPS, DHL, TNT, EMS, Royal Mail dans un d\u00e9lai de 2 \u00e0 4 semaines. Cependant, en raison du volume \u00e9lev\u00e9 de commandes, il peut y avoir un l\u00e9ger retard dans la production et le traitement de votre commande.&nbsp;<\/p>\n<p><\/p>\n<p><\/p>\n<p>nous fournissons une livraison gratuite dans le monde entier et nous n&rsquo;avons pas besoin de payer de taxes ou de droits de douane sur nos cat\u00e9gories Poup\u00e9es sexuelles masculines, Poup\u00e9es sexuelles f\u00e9minines, Accessoires de poup\u00e9es et Machines sexuelles \u00e0 pouss\u00e9e. Toutes les autres cat\u00e9gories entra\u00eenent des frais d&rsquo;exp\u00e9dition (qui sont ajout\u00e9s lors du processus de paiement).<\/p>\n<p><\/p>\n\t\t\t\t\t\t\t\t<\/div>\n\t\t\t\t<\/div>\n\t\t\t\t\t<\/div>\n\t\t<\/div>\n\t\t\t\t\t<\/div>\n\t\t<\/section>\n\t\t\t\t<\/div>\n\t\t","protected":false},"excerpt":{"rendered":"<p>1. Qu&rsquo;est-ce que le silicone et le TPE ? Le silicone et le TPE sont tous deux des mat\u00e9riaux de haute qualit\u00e9. &nbsp;Le silicone est g\u00e9n\u00e9ralement consid\u00e9r\u00e9 comme le mat\u00e9riau le plus durable, le plus cher et le plus facile \u00e0 nettoyer. Alors que le TPE est le plus r\u00e9aliste, le moins cher et demande [&hellip;]<\/p>\n","protected":false},"author":7,"featured_media":0,"parent":0,"menu_order":0,"comment_status":"closed","ping_status":"closed","template":"","meta":{"footnotes":""},"class_list":["post-185148","page","type-page","status-publish","hentry"],"yoast_head":"<!-- This site is optimized with the Yoast SEO plugin v27.5 - https:\/\/yoast.com\/product\/yoast-seo-wordpress\/ -->\n<title>FAQ - PUSSY DOLLS<\/title>\n<meta name=\"robots\" content=\"index, follow, max-snippet:-1, max-image-preview:large, max-video-preview:-1\" \/>\n<link rel=\"canonical\" href=\"https:\/\/pussydolls.co.uk\/faq\/?lang=fr\" \/>\n<meta property=\"og:locale\" content=\"fr_FR\" \/>\n<meta property=\"og:type\" content=\"article\" \/>\n<meta property=\"og:title\" content=\"FAQ - PUSSY DOLLS\" \/>\n<meta property=\"og:description\" content=\"1. Qu&rsquo;est-ce que le silicone et le TPE ? Le silicone et le TPE sont tous deux des mat\u00e9riaux de haute qualit\u00e9. &nbsp;Le silicone est g\u00e9n\u00e9ralement consid\u00e9r\u00e9 comme le mat\u00e9riau le plus durable, le plus cher et le plus facile \u00e0 nettoyer. Alors que le TPE est le plus r\u00e9aliste, le moins cher et demande [&hellip;]\" \/>\n<meta property=\"og:url\" content=\"https:\/\/pussydolls.co.uk\/faq\/?lang=fr\" \/>\n<meta property=\"og:site_name\" content=\"PUSSY DOLLS\" \/>\n<meta property=\"article:publisher\" content=\"https:\/\/www.facebook.com\/profile.php?id=100057622832400\" \/>\n<meta property=\"article:modified_time\" content=\"2021-11-22T21:20:17+00:00\" \/>\n<meta name=\"twitter:card\" content=\"summary_large_image\" \/>\n<meta name=\"twitter:label1\" content=\"Dur\u00e9e de lecture estim\u00e9e\" \/>\n\t<meta name=\"twitter:data1\" content=\"6 minutes\" \/>\n<script type=\"application\/ld+json\" class=\"yoast-schema-graph\">{\"@context\":\"https:\\\/\\\/schema.org\",\"@graph\":[{\"@type\":\"WebPage\",\"@id\":\"https:\\\/\\\/pussydolls.co.uk\\\/faq\\\/?lang=fr\",\"url\":\"https:\\\/\\\/pussydolls.co.uk\\\/faq\\\/?lang=fr\",\"name\":\"FAQ - PUSSY DOLLS\",\"isPartOf\":{\"@id\":\"https:\\\/\\\/pussydolls.co.uk\\\/#website\"},\"datePublished\":\"2021-11-22T12:41:26+00:00\",\"dateModified\":\"2021-11-22T21:20:17+00:00\",\"breadcrumb\":{\"@id\":\"https:\\\/\\\/pussydolls.co.uk\\\/faq\\\/?lang=fr#breadcrumb\"},\"inLanguage\":\"fr-FR\",\"potentialAction\":[{\"@type\":\"ReadAction\",\"target\":[\"https:\\\/\\\/pussydolls.co.uk\\\/faq\\\/?lang=fr\"]}]},{\"@type\":\"BreadcrumbList\",\"@id\":\"https:\\\/\\\/pussydolls.co.uk\\\/faq\\\/?lang=fr#breadcrumb\",\"itemListElement\":[{\"@type\":\"ListItem\",\"position\":1,\"name\":\"Home\",\"item\":\"https:\\\/\\\/pussydolls.co.uk\\\/accueil\\\/?lang=fr\"},{\"@type\":\"ListItem\",\"position\":2,\"name\":\"FAQ\"}]},{\"@type\":\"WebSite\",\"@id\":\"https:\\\/\\\/pussydolls.co.uk\\\/#website\",\"url\":\"https:\\\/\\\/pussydolls.co.uk\\\/\",\"name\":\"PUSSY DOLLS\",\"description\":\"Fulfil Your Desire\",\"publisher\":{\"@id\":\"https:\\\/\\\/pussydolls.co.uk\\\/#organization\"},\"potentialAction\":[{\"@type\":\"SearchAction\",\"target\":{\"@type\":\"EntryPoint\",\"urlTemplate\":\"https:\\\/\\\/pussydolls.co.uk\\\/?s={search_term_string}\"},\"query-input\":{\"@type\":\"PropertyValueSpecification\",\"valueRequired\":true,\"valueName\":\"search_term_string\"}}],\"inLanguage\":\"fr-FR\"},{\"@type\":\"Organization\",\"@id\":\"https:\\\/\\\/pussydolls.co.uk\\\/#organization\",\"name\":\"AA ELITE SERVICES LTD.\",\"url\":\"https:\\\/\\\/pussydolls.co.uk\\\/\",\"logo\":{\"@type\":\"ImageObject\",\"inLanguage\":\"fr-FR\",\"@id\":\"https:\\\/\\\/pussydolls.co.uk\\\/#\\\/schema\\\/logo\\\/image\\\/\",\"url\":\"https:\\\/\\\/pussydolls.co.uk\\\/wp-content\\\/uploads\\\/2020\\\/05\\\/cropped-111158a4-634c-4013-a6df-ba800148b307_200x200.png\",\"contentUrl\":\"https:\\\/\\\/pussydolls.co.uk\\\/wp-content\\\/uploads\\\/2020\\\/05\\\/cropped-111158a4-634c-4013-a6df-ba800148b307_200x200.png\",\"width\":200,\"height\":147,\"caption\":\"AA ELITE SERVICES LTD.\"},\"image\":{\"@id\":\"https:\\\/\\\/pussydolls.co.uk\\\/#\\\/schema\\\/logo\\\/image\\\/\"},\"sameAs\":[\"https:\\\/\\\/www.facebook.com\\\/profile.php?id=100057622832400\"]}]}<\/script>\n<!-- \/ Yoast SEO plugin. -->","yoast_head_json":{"title":"FAQ - PUSSY DOLLS","robots":{"index":"index","follow":"follow","max-snippet":"max-snippet:-1","max-image-preview":"max-image-preview:large","max-video-preview":"max-video-preview:-1"},"canonical":"https:\/\/pussydolls.co.uk\/faq\/?lang=fr","og_locale":"fr_FR","og_type":"article","og_title":"FAQ - PUSSY DOLLS","og_description":"1. Qu&rsquo;est-ce que le silicone et le TPE ? Le silicone et le TPE sont tous deux des mat\u00e9riaux de haute qualit\u00e9. &nbsp;Le silicone est g\u00e9n\u00e9ralement consid\u00e9r\u00e9 comme le mat\u00e9riau le plus durable, le plus cher et le plus facile \u00e0 nettoyer. Alors que le TPE est le plus r\u00e9aliste, le moins cher et demande [&hellip;]","og_url":"https:\/\/pussydolls.co.uk\/faq\/?lang=fr","og_site_name":"PUSSY DOLLS","article_publisher":"https:\/\/www.facebook.com\/profile.php?id=100057622832400","article_modified_time":"2021-11-22T21:20:17+00:00","twitter_card":"summary_large_image","twitter_misc":{"Dur\u00e9e de lecture estim\u00e9e":"6 minutes"},"schema":{"@context":"https:\/\/schema.org","@graph":[{"@type":"WebPage","@id":"https:\/\/pussydolls.co.uk\/faq\/?lang=fr","url":"https:\/\/pussydolls.co.uk\/faq\/?lang=fr","name":"FAQ - PUSSY DOLLS","isPartOf":{"@id":"https:\/\/pussydolls.co.uk\/#website"},"datePublished":"2021-11-22T12:41:26+00:00","dateModified":"2021-11-22T21:20:17+00:00","breadcrumb":{"@id":"https:\/\/pussydolls.co.uk\/faq\/?lang=fr#breadcrumb"},"inLanguage":"fr-FR","potentialAction":[{"@type":"ReadAction","target":["https:\/\/pussydolls.co.uk\/faq\/?lang=fr"]}]},{"@type":"BreadcrumbList","@id":"https:\/\/pussydolls.co.uk\/faq\/?lang=fr#breadcrumb","itemListElement":[{"@type":"ListItem","position":1,"name":"Home","item":"https:\/\/pussydolls.co.uk\/accueil\/?lang=fr"},{"@type":"ListItem","position":2,"name":"FAQ"}]},{"@type":"WebSite","@id":"https:\/\/pussydolls.co.uk\/#website","url":"https:\/\/pussydolls.co.uk\/","name":"PUSSY DOLLS","description":"Fulfil Your Desire","publisher":{"@id":"https:\/\/pussydolls.co.uk\/#organization"},"potentialAction":[{"@type":"SearchAction","target":{"@type":"EntryPoint","urlTemplate":"https:\/\/pussydolls.co.uk\/?s={search_term_string}"},"query-input":{"@type":"PropertyValueSpecification","valueRequired":true,"valueName":"search_term_string"}}],"inLanguage":"fr-FR"},{"@type":"Organization","@id":"https:\/\/pussydolls.co.uk\/#organization","name":"AA ELITE SERVICES LTD.","url":"https:\/\/pussydolls.co.uk\/","logo":{"@type":"ImageObject","inLanguage":"fr-FR","@id":"https:\/\/pussydolls.co.uk\/#\/schema\/logo\/image\/","url":"https:\/\/pussydolls.co.uk\/wp-content\/uploads\/2020\/05\/cropped-111158a4-634c-4013-a6df-ba800148b307_200x200.png","contentUrl":"https:\/\/pussydolls.co.uk\/wp-content\/uploads\/2020\/05\/cropped-111158a4-634c-4013-a6df-ba800148b307_200x200.png","width":200,"height":147,"caption":"AA ELITE SERVICES LTD."},"image":{"@id":"https:\/\/pussydolls.co.uk\/#\/schema\/logo\/image\/"},"sameAs":["https:\/\/www.facebook.com\/profile.php?id=100057622832400"]}]}},"jetpack_sharing_enabled":true,"_links":{"self":[{"href":"https:\/\/pussydolls.co.uk\/fr\/wp-json\/wp\/v2\/pages\/185148","targetHints":{"allow":["GET"]}}],"collection":[{"href":"https:\/\/pussydolls.co.uk\/fr\/wp-json\/wp\/v2\/pages"}],"about":[{"href":"https:\/\/pussydolls.co.uk\/fr\/wp-json\/wp\/v2\/types\/page"}],"author":[{"embeddable":true,"href":"https:\/\/pussydolls.co.uk\/fr\/wp-json\/wp\/v2\/users\/7"}],"replies":[{"embeddable":true,"href":"https:\/\/pussydolls.co.uk\/fr\/wp-json\/wp\/v2\/comments?post=185148"}],"version-history":[{"count":4,"href":"https:\/\/pussydolls.co.uk\/fr\/wp-json\/wp\/v2\/pages\/185148\/revisions"}],"predecessor-version":[{"id":185220,"href":"https:\/\/pussydolls.co.uk\/fr\/wp-json\/wp\/v2\/pages\/185148\/revisions\/185220"}],"wp:attachment":[{"href":"https:\/\/pussydolls.co.uk\/fr\/wp-json\/wp\/v2\/media?parent=185148"}],"curies":[{"name":"wp","href":"https:\/\/api.w.org\/{rel}","templated":true}]}}