{"id":185464,"date":"2021-11-24T02:11:38","date_gmt":"2021-11-24T02:11:38","guid":{"rendered":"https:\/\/pussydolls.co.uk\/politique-de-confidentialite\/"},"modified":"2021-11-24T02:26:58","modified_gmt":"2021-11-24T02:26:58","slug":"politique-de-confidentialite","status":"publish","type":"page","link":"https:\/\/pussydolls.co.uk\/fr\/politique-de-confidentialite\/","title":{"rendered":"Politique de confidentialit\u00e9"},"content":{"rendered":"\t\t<div data-elementor-type=\"wp-page\" data-elementor-id=\"185464\" class=\"elementor elementor-185464\" data-elementor-post-type=\"page\">\n\t\t\t\t\t\t<section class=\"elementor-section elementor-top-section elementor-element elementor-element-77a214b6 elementor-section-boxed elementor-section-height-default elementor-section-height-default\" data-id=\"77a214b6\" data-element_type=\"section\" data-e-type=\"section\">\n\t\t\t\t\t\t<div class=\"elementor-container elementor-column-gap-default\">\n\t\t\t\t\t<div class=\"elementor-column elementor-col-100 elementor-top-column elementor-element elementor-element-f65bd26\" data-id=\"f65bd26\" data-element_type=\"column\" data-e-type=\"column\">\n\t\t\t<div class=\"elementor-widget-wrap elementor-element-populated\">\n\t\t\t\t\t\t<div class=\"elementor-element elementor-element-066acde elementor-widget elementor-widget-spacer\" data-id=\"066acde\" data-element_type=\"widget\" data-e-type=\"widget\" data-widget_type=\"spacer.default\">\n\t\t\t\t<div class=\"elementor-widget-container\">\n\t\t\t\t\t\t\t<div class=\"elementor-spacer\">\n\t\t\t<div class=\"elementor-spacer-inner\"><\/div>\n\t\t<\/div>\n\t\t\t\t\t\t<\/div>\n\t\t\t\t<\/div>\n\t\t\t\t\t<\/div>\n\t\t<\/div>\n\t\t\t\t\t<\/div>\n\t\t<\/section>\n\t\t\t\t<section class=\"elementor-section elementor-top-section elementor-element elementor-element-49743f0 elementor-section-boxed elementor-section-height-default elementor-section-height-default\" data-id=\"49743f0\" data-element_type=\"section\" data-e-type=\"section\">\n\t\t\t\t\t\t<div class=\"elementor-container elementor-column-gap-default\">\n\t\t\t\t\t<div class=\"elementor-column elementor-col-50 elementor-top-column elementor-element elementor-element-97e476b\" data-id=\"97e476b\" data-element_type=\"column\" data-e-type=\"column\">\n\t\t\t<div class=\"elementor-widget-wrap elementor-element-populated\">\n\t\t\t\t\t\t<div class=\"elementor-element elementor-element-d078497 elementor-nav-menu__align-center elementor-nav-menu--dropdown-none elementor-widget elementor-widget-nav-menu\" data-id=\"d078497\" data-element_type=\"widget\" data-e-type=\"widget\" data-settings=\"{&quot;layout&quot;:&quot;vertical&quot;,&quot;submenu_icon&quot;:{&quot;value&quot;:&quot;&lt;i class=\\&quot;fas fa-caret-down\\&quot;&gt;&lt;\\\/i&gt;&quot;,&quot;library&quot;:&quot;fa-solid&quot;}}\" data-widget_type=\"nav-menu.default\">\n\t\t\t\t<div class=\"elementor-widget-container\">\n\t\t\t\t\t\t\t\t<nav aria-label=\"Menu\" class=\"elementor-nav-menu--main elementor-nav-menu__container elementor-nav-menu--layout-vertical e--pointer-background e--animation-fade\">\n\t\t\t\t<ul id=\"menu-1-d078497\" class=\"elementor-nav-menu sm-vertical\"><li class=\"menu-item menu-item-type-post_type menu-item-object-page menu-item-185471\"><a href=\"https:\/\/pussydolls.co.uk\/fr\/politique-dexpedition\/\" class=\"elementor-item\">Exp\u00e9dition<\/a><\/li>\n<li class=\"menu-item menu-item-type-post_type menu-item-object-page menu-item-185473\"><a href=\"https:\/\/pussydolls.co.uk\/fr\/remboursement-de-poupee-sexuelle-retours-de-poupees-sexuelles\/\" class=\"elementor-item\">Retours et Remboursements<\/a><\/li>\n<li class=\"menu-item menu-item-type-post_type menu-item-object-page menu-item-185472\"><a href=\"https:\/\/pussydolls.co.uk\/fr\/politique-de-confidentialite\/\" class=\"elementor-item\">Politique De Confidentialit\u00e9<\/a><\/li>\n<li class=\"menu-item menu-item-type-post_type menu-item-object-page menu-item-185469\"><a href=\"https:\/\/pussydolls.co.uk\/fr\/faq\/\" class=\"elementor-item\">FAQ<\/a><\/li>\n<li class=\"menu-item menu-item-type-post_type menu-item-object-page menu-item-185470\"><a href=\"https:\/\/pussydolls.co.uk\/fr\/nous-contacter\/\" class=\"elementor-item\">Nous Contacter<\/a><\/li>\n<\/ul>\t\t\t<\/nav>\n\t\t\t\t\t\t<nav class=\"elementor-nav-menu--dropdown elementor-nav-menu__container\" aria-hidden=\"true\">\n\t\t\t\t<ul id=\"menu-2-d078497\" class=\"elementor-nav-menu sm-vertical\"><li class=\"menu-item menu-item-type-post_type menu-item-object-page menu-item-185471\"><a href=\"https:\/\/pussydolls.co.uk\/fr\/politique-dexpedition\/\" class=\"elementor-item\" tabindex=\"-1\">Exp\u00e9dition<\/a><\/li>\n<li class=\"menu-item menu-item-type-post_type menu-item-object-page menu-item-185473\"><a href=\"https:\/\/pussydolls.co.uk\/fr\/remboursement-de-poupee-sexuelle-retours-de-poupees-sexuelles\/\" class=\"elementor-item\" tabindex=\"-1\">Retours et Remboursements<\/a><\/li>\n<li class=\"menu-item menu-item-type-post_type menu-item-object-page menu-item-185472\"><a href=\"https:\/\/pussydolls.co.uk\/fr\/politique-de-confidentialite\/\" class=\"elementor-item\" tabindex=\"-1\">Politique De Confidentialit\u00e9<\/a><\/li>\n<li class=\"menu-item menu-item-type-post_type menu-item-object-page menu-item-185469\"><a href=\"https:\/\/pussydolls.co.uk\/fr\/faq\/\" class=\"elementor-item\" tabindex=\"-1\">FAQ<\/a><\/li>\n<li class=\"menu-item menu-item-type-post_type menu-item-object-page menu-item-185470\"><a href=\"https:\/\/pussydolls.co.uk\/fr\/nous-contacter\/\" class=\"elementor-item\" tabindex=\"-1\">Nous Contacter<\/a><\/li>\n<\/ul>\t\t\t<\/nav>\n\t\t\t\t\t\t<\/div>\n\t\t\t\t<\/div>\n\t\t\t\t\t<\/div>\n\t\t<\/div>\n\t\t\t\t<div class=\"elementor-column elementor-col-50 elementor-top-column elementor-element elementor-element-810a8ab\" data-id=\"810a8ab\" data-element_type=\"column\" data-e-type=\"column\">\n\t\t\t<div class=\"elementor-widget-wrap elementor-element-populated\">\n\t\t\t\t\t\t<div class=\"elementor-element elementor-element-699a40d elementor-widget elementor-widget-text-editor\" data-id=\"699a40d\" data-element_type=\"widget\" data-e-type=\"widget\" data-widget_type=\"text-editor.default\">\n\t\t\t\t<div class=\"elementor-widget-container\">\n\t\t\t\t\t\t\t\t\t<p><\/p>\n<h2>Qui nous sommes<\/h2>\n<p><\/p>\n<p><\/p>\n<p>L&rsquo;adresse de notre site Web est : http:\/\/pussydolls.co.uk.<\/p>\n<p><\/p>\n<p><\/p>\n<p>Cette politique de confidentialit\u00e9 d\u00e9crit comment vos informations personnelles sont collect\u00e9es, utilis\u00e9es et partag\u00e9es lorsque vous visitez ou effectuez un achat sur https:\/\/www.Pussydolls.co.uk (le \u00ab Site \u00bb).<\/p>\n<p><strong>INFORMATIONS PERSONNELLES QUE NOUS COLLECTONS<br \/><\/strong><br \/>Lorsque vous visitez le Site, nous collectons automatiquement certaines informations sur votre appareil, notamment des informations sur votre navigateur Web, votre adresse IP, votre fuseau horaire et certains des cookies install\u00e9s sur votre appareil. De plus, lorsque vous naviguez sur le Site, nous collectons des informations sur les pages Web individuelles ou les produits que vous consultez, les sites Web ou les termes de recherche qui vous ont renvoy\u00e9s vers le Site et des informations sur la fa\u00e7on dont vous interagissez avec le Site. Nous appelons ces informations collect\u00e9es automatiquement \u00ab Informations sur l&rsquo;appareil \u00bb.<\/p>\n<p>Nous collectons des informations sur les appareils \u00e0 l&rsquo;aide des technologies suivantes :<\/p>\n<p><\/p>\n<p><\/p>\n<p>&#8211; Les cookies sont des fichiers avec une petite quantit\u00e9 de donn\u00e9es, qui peuvent inclure un identifiant unique anonyme. Les cookies sont envoy\u00e9s \u00e0 votre navigateur \u00e0 partir d&rsquo;un site Web et stock\u00e9s sur le disque dur de votre ordinateur. Comme de nombreux sites, nous utilisons des \u00ab cookies \u00bb pour collecter des informations. Vous pouvez demander \u00e0 votre navigateur de refuser tous les cookies ou d&rsquo;indiquer quand un cookie est envoy\u00e9. Cependant, si vous n&rsquo;acceptez pas les cookies, vous ne pourrez peut-\u00eatre pas utiliser certaines parties de notre site.<\/p>\n<p>&#8211; Les \u00ab fichiers journaux \u00bb suivent les actions se produisant sur le site et collectent des donn\u00e9es, notamment votre adresse IP, le type de navigateur, le fournisseur de services Internet, les pages de renvoi\/de sortie et les horodatages.<br \/>&#8211; Les \u00ab balises Web \u00bb, les \u00ab balises \u00bb et les \u00ab pixels \u00bb sont des fichiers \u00e9lectroniques utilis\u00e9s pour enregistrer des informations sur la fa\u00e7on dont vous naviguez sur le Site.<\/p>\n<p>De plus, lorsque vous effectuez un achat ou tentez d&rsquo;effectuer un achat via le site, nous collectons certaines informations vous concernant, notamment votre nom, votre adresse de facturation, votre adresse de livraison, vos informations de paiement (y compris les num\u00e9ros de carte de cr\u00e9dit, l&rsquo;adresse e-mail et le num\u00e9ro de t\u00e9l\u00e9phone. Nous appelons ces informations les \u00ab Informations sur la commande \u00bb.<\/p>\n<p>Lorsque nous parlons de \u00ab Informations personnelles \u00bb dans cette politique de confidentialit\u00e9, nous parlons \u00e0 la fois des informations sur l&rsquo;appareil et des informations sur les commandes.<\/p>\n<p><strong>COMMENT UTILISONS-NOUS VOS INFORMATIONS PERSONNELLES ?<\/strong><\/p>\n<p>Nous utilisons les informations de commande que nous collectons g\u00e9n\u00e9ralement pour ex\u00e9cuter toutes les commandes pass\u00e9es via le site (y compris le traitement de vos informations de paiement, l&rsquo;organisation de l&rsquo;exp\u00e9dition et la fourniture de factures et\/ou de confirmations de commande). De plus, nous utilisons ces informations de commande pour :<br \/>Communiquer avec toi;<br \/>Filtrer nos commandes \u00e0 la recherche de risques potentiels ou de fraude ; et<br \/>Conform\u00e9ment aux pr\u00e9f\u00e9rences que vous avez partag\u00e9es avec nous, vous fournir des informations ou des publicit\u00e9s relatives \u00e0 nos produits ou services.<\/p>\n<p>Nous utilisons les informations sur l&rsquo;appareil que nous collectons pour nous aider \u00e0 d\u00e9tecter les risques potentiels et la fraude (en particulier, votre adresse IP), et plus g\u00e9n\u00e9ralement pour am\u00e9liorer et optimiser notre site (par exemple, en g\u00e9n\u00e9rant des analyses sur la fa\u00e7on dont nos clients naviguent et interagissent avec le Site, et d&rsquo;\u00e9valuer le succ\u00e8s de nos campagnes marketing et publicitaires).<\/p>\n<p><strong>PARTAGE DE VOS INFORMATIONS PERSONNELLES<\/strong><\/p>\n<p>Nous partageons vos informations personnelles avec des tiers pour nous aider \u00e0 utiliser vos informations personnelles, comme d\u00e9crit ci-dessus. Par exemple, nous utilisons Google Analytics pour nous aider \u00e0 comprendre comment nos clients utilisent le site. Vous pouvez en savoir plus sur la fa\u00e7on dont Google utilise vos informations personnelles ici : https:\/\/www.google.com\/intl\/en\/policies\/privacy\/ . Vous pouvez \u00e9galement vous d\u00e9sinscrire de Google Analytics ici : https:\/\/tools.google.com\/dlpage\/gaoptout.<\/p>\n<p>Enfin, nous pouvons \u00e9galement partager vos informations personnelles pour nous conformer aux lois et r\u00e9glementations applicables, pour r\u00e9pondre \u00e0 une citation \u00e0 compara\u00eetre, \u00e0 un mandat de perquisition ou \u00e0 toute autre demande l\u00e9gale d&rsquo;informations que nous recevons, ou pour prot\u00e9ger nos droits d&rsquo;une autre mani\u00e8re.<\/p>\n<p>De plus, vous pouvez vous d\u00e9sinscrire de certains de ces services en visitant le portail de d\u00e9sinscription de la Digital Advertising Alliance \u00e0 l&rsquo;adresse : http:\/\/optout.aboutads.info\/.<\/p>\n<p><strong>NE PAS SUIVRE<\/strong><br \/>Veuillez noter que nous ne modifions pas les pratiques de collecte et d&rsquo;utilisation des donn\u00e9es de notre site lorsque nous voyons un signal Ne pas suivre de votre navigateur.<\/p>\n<p><strong>TES DROITS<\/strong><br \/>Si vous \u00eates un r\u00e9sident europ\u00e9en, vous avez le droit d&rsquo;acc\u00e9der aux informations personnelles que nous d\u00e9tenons \u00e0 votre sujet et de demander que vos informations personnelles soient corrig\u00e9es, mises \u00e0 jour ou supprim\u00e9es. Si vous souhaitez exercer ce droit, veuillez nous contacter via les coordonn\u00e9es ci-dessous.<\/p>\n<p>De plus, si vous \u00eates un r\u00e9sident europ\u00e9en, nous notons que nous traitons vos informations afin de remplir les contrats que nous pourrions avoir avec vous (par exemple si vous passez une commande via le Site), ou pour poursuivre nos int\u00e9r\u00eats commerciaux l\u00e9gitimes \u00e9num\u00e9r\u00e9s ci-dessus. De plus, veuillez noter que vos informations seront transf\u00e9r\u00e9es en dehors de l&rsquo;Europe, y compris au Canada et aux \u00c9tats-Unis.<\/p>\n<p><strong>LA CONSERVATION DES DONN\u00c9ES<\/strong><br \/>Lorsque vous passez une commande via le site, nous conserverons vos informations de commande pour nos dossiers \u00e0 moins et jusqu&rsquo;\u00e0 ce que vous nous demandiez de supprimer ces informations.<\/p>\n<p><strong>MINEURS<\/strong><br \/>Le Site n&rsquo;est pas destin\u00e9 aux personnes de moins de 18 ans.<\/p>\n<p><strong>CHANGEMENTS<\/strong><br \/>Nous pouvons mettre \u00e0 jour cette politique de confidentialit\u00e9 de temps \u00e0 autre afin de refl\u00e9ter, par exemple, des changements dans nos pratiques ou pour d&rsquo;autres raisons op\u00e9rationnelles, l\u00e9gales ou r\u00e9glementaires.<\/p>\n<p><strong>NOUS CONTACTER<\/strong><br \/>Pour plus d&rsquo;informations sur nos pratiques de confidentialit\u00e9, si vous avez des questions ou si vous souhaitez d\u00e9poser une plainte, veuillez nous contacter par e-mail \u00e0 support@Pussydolls.co.uk<\/p>\n<p><\/p>\n\t\t\t\t\t\t\t\t<\/div>\n\t\t\t\t<\/div>\n\t\t\t\t\t<\/div>\n\t\t<\/div>\n\t\t\t\t\t<\/div>\n\t\t<\/section>\n\t\t\t\t<\/div>\n\t\t","protected":false},"excerpt":{"rendered":"<p>Qui nous sommes L&rsquo;adresse de notre site Web est : http:\/\/pussydolls.co.uk. Cette politique de confidentialit\u00e9 d\u00e9crit comment vos informations personnelles sont collect\u00e9es, utilis\u00e9es et partag\u00e9es lorsque vous visitez ou effectuez un achat sur https:\/\/www.Pussydolls.co.uk (le \u00ab Site \u00bb). INFORMATIONS PERSONNELLES QUE NOUS COLLECTONSLorsque vous visitez le Site, nous collectons automatiquement certaines informations sur votre appareil, [&hellip;]<\/p>\n","protected":false},"author":7,"featured_media":0,"parent":0,"menu_order":0,"comment_status":"closed","ping_status":"closed","template":"","meta":{"footnotes":""},"class_list":["post-185464","page","type-page","status-publish","hentry"],"yoast_head":"<!-- This site is optimized with the Yoast SEO plugin v27.5 - https:\/\/yoast.com\/product\/yoast-seo-wordpress\/ -->\n<title>Politique de confidentialit\u00e9 - PUSSY DOLLS<\/title>\n<meta name=\"robots\" content=\"index, follow, max-snippet:-1, max-image-preview:large, max-video-preview:-1\" \/>\n<link rel=\"canonical\" href=\"https:\/\/pussydolls.co.uk\/fr\/politique-de-confidentialite\/\" \/>\n<meta property=\"og:locale\" content=\"fr_FR\" \/>\n<meta property=\"og:type\" content=\"article\" \/>\n<meta property=\"og:title\" content=\"Politique de confidentialit\u00e9 - PUSSY DOLLS\" \/>\n<meta property=\"og:description\" content=\"Qui nous sommes L&rsquo;adresse de notre site Web est : http:\/\/pussydolls.co.uk. Cette politique de confidentialit\u00e9 d\u00e9crit comment vos informations personnelles sont collect\u00e9es, utilis\u00e9es et partag\u00e9es lorsque vous visitez ou effectuez un achat sur https:\/\/www.Pussydolls.co.uk (le \u00ab Site \u00bb). INFORMATIONS PERSONNELLES QUE NOUS COLLECTONSLorsque vous visitez le Site, nous collectons automatiquement certaines informations sur votre appareil, [&hellip;]\" \/>\n<meta property=\"og:url\" content=\"https:\/\/pussydolls.co.uk\/fr\/politique-de-confidentialite\/\" \/>\n<meta property=\"og:site_name\" content=\"PUSSY DOLLS\" \/>\n<meta property=\"article:publisher\" content=\"https:\/\/www.facebook.com\/profile.php?id=100057622832400\" \/>\n<meta property=\"article:modified_time\" content=\"2021-11-24T02:26:58+00:00\" \/>\n<meta name=\"twitter:card\" content=\"summary_large_image\" \/>\n<meta name=\"twitter:label1\" content=\"Dur\u00e9e de lecture estim\u00e9e\" \/>\n\t<meta name=\"twitter:data1\" content=\"5 minutes\" \/>\n<script type=\"application\/ld+json\" class=\"yoast-schema-graph\">{\"@context\":\"https:\\\/\\\/schema.org\",\"@graph\":[{\"@type\":\"WebPage\",\"@id\":\"https:\\\/\\\/pussydolls.co.uk\\\/fr\\\/politique-de-confidentialite\\\/\",\"url\":\"https:\\\/\\\/pussydolls.co.uk\\\/fr\\\/politique-de-confidentialite\\\/\",\"name\":\"Politique de confidentialit\u00e9 - PUSSY DOLLS\",\"isPartOf\":{\"@id\":\"https:\\\/\\\/pussydolls.co.uk\\\/#website\"},\"datePublished\":\"2021-11-24T02:11:38+00:00\",\"dateModified\":\"2021-11-24T02:26:58+00:00\",\"breadcrumb\":{\"@id\":\"https:\\\/\\\/pussydolls.co.uk\\\/fr\\\/politique-de-confidentialite\\\/#breadcrumb\"},\"inLanguage\":\"fr-FR\",\"potentialAction\":[{\"@type\":\"ReadAction\",\"target\":[\"https:\\\/\\\/pussydolls.co.uk\\\/fr\\\/politique-de-confidentialite\\\/\"]}]},{\"@type\":\"BreadcrumbList\",\"@id\":\"https:\\\/\\\/pussydolls.co.uk\\\/fr\\\/politique-de-confidentialite\\\/#breadcrumb\",\"itemListElement\":[{\"@type\":\"ListItem\",\"position\":1,\"name\":\"Home\",\"item\":\"https:\\\/\\\/pussydolls.co.uk\\\/accueil\\\/?lang=fr\"},{\"@type\":\"ListItem\",\"position\":2,\"name\":\"Politique de confidentialit\u00e9\"}]},{\"@type\":\"WebSite\",\"@id\":\"https:\\\/\\\/pussydolls.co.uk\\\/#website\",\"url\":\"https:\\\/\\\/pussydolls.co.uk\\\/\",\"name\":\"PUSSY DOLLS\",\"description\":\"Fulfil Your Desire\",\"publisher\":{\"@id\":\"https:\\\/\\\/pussydolls.co.uk\\\/#organization\"},\"potentialAction\":[{\"@type\":\"SearchAction\",\"target\":{\"@type\":\"EntryPoint\",\"urlTemplate\":\"https:\\\/\\\/pussydolls.co.uk\\\/?s={search_term_string}\"},\"query-input\":{\"@type\":\"PropertyValueSpecification\",\"valueRequired\":true,\"valueName\":\"search_term_string\"}}],\"inLanguage\":\"fr-FR\"},{\"@type\":\"Organization\",\"@id\":\"https:\\\/\\\/pussydolls.co.uk\\\/#organization\",\"name\":\"AA ELITE SERVICES LTD.\",\"url\":\"https:\\\/\\\/pussydolls.co.uk\\\/\",\"logo\":{\"@type\":\"ImageObject\",\"inLanguage\":\"fr-FR\",\"@id\":\"https:\\\/\\\/pussydolls.co.uk\\\/#\\\/schema\\\/logo\\\/image\\\/\",\"url\":\"https:\\\/\\\/pussydolls.co.uk\\\/wp-content\\\/uploads\\\/2020\\\/05\\\/cropped-111158a4-634c-4013-a6df-ba800148b307_200x200.png\",\"contentUrl\":\"https:\\\/\\\/pussydolls.co.uk\\\/wp-content\\\/uploads\\\/2020\\\/05\\\/cropped-111158a4-634c-4013-a6df-ba800148b307_200x200.png\",\"width\":200,\"height\":147,\"caption\":\"AA ELITE SERVICES LTD.\"},\"image\":{\"@id\":\"https:\\\/\\\/pussydolls.co.uk\\\/#\\\/schema\\\/logo\\\/image\\\/\"},\"sameAs\":[\"https:\\\/\\\/www.facebook.com\\\/profile.php?id=100057622832400\"]}]}<\/script>\n<!-- \/ Yoast SEO plugin. -->","yoast_head_json":{"title":"Politique de confidentialit\u00e9 - PUSSY DOLLS","robots":{"index":"index","follow":"follow","max-snippet":"max-snippet:-1","max-image-preview":"max-image-preview:large","max-video-preview":"max-video-preview:-1"},"canonical":"https:\/\/pussydolls.co.uk\/fr\/politique-de-confidentialite\/","og_locale":"fr_FR","og_type":"article","og_title":"Politique de confidentialit\u00e9 - PUSSY DOLLS","og_description":"Qui nous sommes L&rsquo;adresse de notre site Web est : http:\/\/pussydolls.co.uk. Cette politique de confidentialit\u00e9 d\u00e9crit comment vos informations personnelles sont collect\u00e9es, utilis\u00e9es et partag\u00e9es lorsque vous visitez ou effectuez un achat sur https:\/\/www.Pussydolls.co.uk (le \u00ab Site \u00bb). INFORMATIONS PERSONNELLES QUE NOUS COLLECTONSLorsque vous visitez le Site, nous collectons automatiquement certaines informations sur votre appareil, [&hellip;]","og_url":"https:\/\/pussydolls.co.uk\/fr\/politique-de-confidentialite\/","og_site_name":"PUSSY DOLLS","article_publisher":"https:\/\/www.facebook.com\/profile.php?id=100057622832400","article_modified_time":"2021-11-24T02:26:58+00:00","twitter_card":"summary_large_image","twitter_misc":{"Dur\u00e9e de lecture estim\u00e9e":"5 minutes"},"schema":{"@context":"https:\/\/schema.org","@graph":[{"@type":"WebPage","@id":"https:\/\/pussydolls.co.uk\/fr\/politique-de-confidentialite\/","url":"https:\/\/pussydolls.co.uk\/fr\/politique-de-confidentialite\/","name":"Politique de confidentialit\u00e9 - PUSSY DOLLS","isPartOf":{"@id":"https:\/\/pussydolls.co.uk\/#website"},"datePublished":"2021-11-24T02:11:38+00:00","dateModified":"2021-11-24T02:26:58+00:00","breadcrumb":{"@id":"https:\/\/pussydolls.co.uk\/fr\/politique-de-confidentialite\/#breadcrumb"},"inLanguage":"fr-FR","potentialAction":[{"@type":"ReadAction","target":["https:\/\/pussydolls.co.uk\/fr\/politique-de-confidentialite\/"]}]},{"@type":"BreadcrumbList","@id":"https:\/\/pussydolls.co.uk\/fr\/politique-de-confidentialite\/#breadcrumb","itemListElement":[{"@type":"ListItem","position":1,"name":"Home","item":"https:\/\/pussydolls.co.uk\/accueil\/?lang=fr"},{"@type":"ListItem","position":2,"name":"Politique de confidentialit\u00e9"}]},{"@type":"WebSite","@id":"https:\/\/pussydolls.co.uk\/#website","url":"https:\/\/pussydolls.co.uk\/","name":"PUSSY DOLLS","description":"Fulfil Your Desire","publisher":{"@id":"https:\/\/pussydolls.co.uk\/#organization"},"potentialAction":[{"@type":"SearchAction","target":{"@type":"EntryPoint","urlTemplate":"https:\/\/pussydolls.co.uk\/?s={search_term_string}"},"query-input":{"@type":"PropertyValueSpecification","valueRequired":true,"valueName":"search_term_string"}}],"inLanguage":"fr-FR"},{"@type":"Organization","@id":"https:\/\/pussydolls.co.uk\/#organization","name":"AA ELITE SERVICES LTD.","url":"https:\/\/pussydolls.co.uk\/","logo":{"@type":"ImageObject","inLanguage":"fr-FR","@id":"https:\/\/pussydolls.co.uk\/#\/schema\/logo\/image\/","url":"https:\/\/pussydolls.co.uk\/wp-content\/uploads\/2020\/05\/cropped-111158a4-634c-4013-a6df-ba800148b307_200x200.png","contentUrl":"https:\/\/pussydolls.co.uk\/wp-content\/uploads\/2020\/05\/cropped-111158a4-634c-4013-a6df-ba800148b307_200x200.png","width":200,"height":147,"caption":"AA ELITE SERVICES LTD."},"image":{"@id":"https:\/\/pussydolls.co.uk\/#\/schema\/logo\/image\/"},"sameAs":["https:\/\/www.facebook.com\/profile.php?id=100057622832400"]}]}},"jetpack_sharing_enabled":true,"_links":{"self":[{"href":"https:\/\/pussydolls.co.uk\/fr\/wp-json\/wp\/v2\/pages\/185464","targetHints":{"allow":["GET"]}}],"collection":[{"href":"https:\/\/pussydolls.co.uk\/fr\/wp-json\/wp\/v2\/pages"}],"about":[{"href":"https:\/\/pussydolls.co.uk\/fr\/wp-json\/wp\/v2\/types\/page"}],"author":[{"embeddable":true,"href":"https:\/\/pussydolls.co.uk\/fr\/wp-json\/wp\/v2\/users\/7"}],"replies":[{"embeddable":true,"href":"https:\/\/pussydolls.co.uk\/fr\/wp-json\/wp\/v2\/comments?post=185464"}],"version-history":[{"count":11,"href":"https:\/\/pussydolls.co.uk\/fr\/wp-json\/wp\/v2\/pages\/185464\/revisions"}],"predecessor-version":[{"id":185480,"href":"https:\/\/pussydolls.co.uk\/fr\/wp-json\/wp\/v2\/pages\/185464\/revisions\/185480"}],"wp:attachment":[{"href":"https:\/\/pussydolls.co.uk\/fr\/wp-json\/wp\/v2\/media?parent=185464"}],"curies":[{"name":"wp","href":"https:\/\/api.w.org\/{rel}","templated":true}]}}