{"id":185498,"date":"2021-09-20T18:15:00","date_gmt":"2021-11-24T19:16:02","guid":{"rendered":"https:\/\/pussydolls.co.uk\/?post_type=product&#038;p=185498"},"modified":"2021-11-24T19:27:19","modified_gmt":"2021-11-24T19:27:19","slug":"poupee-sexuelle-masculine-162-cm-charles","status":"publish","type":"product","link":"https:\/\/pussydolls.co.uk\/fr\/product\/poupee-sexuelle-masculine-162-cm-charles\/","title":{"rendered":"Poup\u00e9e sexuelle masculine 162 cm \u2013 Charles"},"content":{"rendered":"<p><strong>La description<\/strong><br \/>\nPRINCIPALES CARACT\u00c9RISTIQUES:<\/p>\n<p>Poup\u00e9e Sexuelle TPE, douce au toucher et au toucher ultra r\u00e9el.<br \/>\nSquelette en alliage d&rsquo;acier enti\u00e8rement articul\u00e9 et mobile.<\/p>\n<p>POURQUOI NOUS CHOISIR:<\/p>\n<p>Livraison express gratuite<br \/>\nTous les prix incluent la TVA et les frais de douane<br \/>\nPrix \u200b\u200busine direct tr\u00e8s comp\u00e9titif<br \/>\nConfidentialit\u00e9 garantie, votre vie priv\u00e9e est de la plus haute importance et avec notre emballage discret, vous pouvez faire vos achats en toute confiance.<br \/>\nPaiement s\u00e9curis\u00e9 avec protection SSL (Paypal ou VISA)<\/p>\n<p>MESURE (Autoriser une tol\u00e9rance de 1 \u00e0 3 cm):<\/p>\n<p>&nbsp;<\/p>\n<p>Hauteur : 162 cm (36-38 kg)<br \/>\nLongueur du p\u00e9nis: 15cm-25cm<\/p>\n<p>Anus : 17 cm<\/p>\n<p>Poitrine : 90cm<\/p>\n<p>Tour de taille : 72 cm<\/p>\n<p>Hanche: 95cm<\/p>\n<p>\u00c9paule crois\u00e9e\u00a0: 43\u00a0cm<\/p>\n<p>Jambe: 71cm<\/p>\n<p>Cuisse: 55cm<\/p>\n<p>Pieds : 25cm<\/p>\n<p>Poids : 38kg<\/p>\n<p>&nbsp;<\/p>\n<p>&nbsp;<\/p>\n<p>&nbsp;<\/p>\n<p>ENTRETIEN ET PROPRET\u00c9 :<\/p>\n<p>Votre poup\u00e9e doit \u00eatre nettoy\u00e9e \u00e0 chaque utilisation, avec une mousse de douche douce. La t\u00eate doit \u00eatre enlev\u00e9e et nettoy\u00e9e s\u00e9par\u00e9ment.<br \/>\ngarder la t\u00eate loin de l&rsquo;eau. Lorsque la peau devient collante, nettoyez-la avec de la poudre de bain.<br \/>\nS\u00e9chez avec une serviette apr\u00e8s le nettoyage et appliquez de la poudre pour b\u00e9b\u00e9. NE PAS utiliser de s\u00e8che-cheveux.<br \/>\nUtilisez un shampooing doux pour laver les cheveux et laissez-les s\u00e9cher naturellement.<br \/>\nSuggestion\u00a0: Mettez des v\u00eatements pour que la poup\u00e9e reste propre.<br \/>\nSoyez prudent lorsque vous d\u00e9placez la poup\u00e9e, \u00e9vitez de laisser tomber\/de cogner\/de casser.<br \/>\nUtilisez uniquement un lubrifiant \u00e0 base d&rsquo;eau, les poup\u00e9es sexuelles en TPE, \u00e0 base de p\u00e9trole ou d&rsquo;huile endommageront le TPE.<\/p>\n","protected":false},"excerpt":{"rendered":"<p>La description PRINCIPALES CARACT\u00c9RISTIQUES: Poup\u00e9e Sexuelle TPE, douce au toucher et au toucher ultra r\u00e9el. Squelette en alliage d&rsquo;acier enti\u00e8rement articul\u00e9 et mobile. POURQUOI NOUS CHOISIR: Livraison express gratuite Tous les prix incluent la TVA et les frais de douane Prix \u200b\u200busine direct tr\u00e8s comp\u00e9titif Confidentialit\u00e9 garantie, votre vie priv\u00e9e est de la plus haute [&hellip;]<\/p>\n","protected":false},"featured_media":185026,"comment_status":"open","ping_status":"closed","template":"","meta":[],"product_brand":[],"product_cat":[500],"product_tag":[],"class_list":{"0":"post-185498","1":"product","2":"type-product","3":"status-publish","4":"has-post-thumbnail","6":"product_cat-poupees-sexuelles-masculines","8":"first","9":"instock","10":"sale","11":"taxable","12":"shipping-taxable","13":"purchasable","14":"product-type-simple"},"yoast_head":"<!-- This site is optimized with the Yoast SEO plugin v27.5 - https:\/\/yoast.com\/product\/yoast-seo-wordpress\/ -->\n<title>Poup\u00e9e sexuelle masculine 162 cm \u2013 Charles - PUSSY DOLLS<\/title>\n<meta name=\"description\" content=\"Achetez notre grande s\u00e9lection de poup\u00e9es sexuelles masculines. De haute qualit\u00e9 avec une livraison gratuite et discr\u00e8te.\" \/>\n<meta name=\"robots\" content=\"index, follow, max-snippet:-1, max-image-preview:large, max-video-preview:-1\" \/>\n<link rel=\"canonical\" href=\"https:\/\/pussydolls.co.uk\/fr\/produit\/poupee-sexuelle-masculine-162-cm-charles\/\" \/>\n<meta property=\"og:locale\" content=\"fr_FR\" \/>\n<meta property=\"og:type\" content=\"article\" \/>\n<meta property=\"og:title\" content=\"Poup\u00e9e sexuelle masculine 162 cm \u2013 Charles - PUSSY DOLLS\" \/>\n<meta property=\"og:description\" content=\"Achetez notre grande s\u00e9lection de poup\u00e9es sexuelles masculines. De haute qualit\u00e9 avec une livraison gratuite et discr\u00e8te.\" \/>\n<meta property=\"og:url\" content=\"https:\/\/pussydolls.co.uk\/fr\/produit\/poupee-sexuelle-masculine-162-cm-charles\/\" \/>\n<meta property=\"og:site_name\" content=\"PUSSY DOLLS\" \/>\n<meta property=\"article:publisher\" content=\"https:\/\/www.facebook.com\/profile.php?id=100057622832400\" \/>\n<meta property=\"article:modified_time\" content=\"2021-11-24T19:27:19+00:00\" \/>\n<meta property=\"og:image\" content=\"https:\/\/pussydolls.co.uk\/wp-content\/uploads\/2021\/09\/IMG_9589.jpg\" \/>\n\t<meta property=\"og:image:width\" content=\"750\" \/>\n\t<meta property=\"og:image:height\" content=\"1125\" \/>\n\t<meta property=\"og:image:type\" content=\"image\/jpeg\" \/>\n<meta name=\"twitter:card\" content=\"summary_large_image\" \/>\n<meta name=\"twitter:label1\" content=\"Dur\u00e9e de lecture estim\u00e9e\" \/>\n\t<meta name=\"twitter:data1\" content=\"2 minutes\" \/>\n<script type=\"application\/ld+json\" class=\"yoast-schema-graph\">{\"@context\":\"https:\\\/\\\/schema.org\",\"@graph\":[{\"@type\":\"WebPage\",\"@id\":\"https:\\\/\\\/pussydolls.co.uk\\\/fr\\\/produit\\\/poupee-sexuelle-masculine-162-cm-charles\\\/\",\"url\":\"https:\\\/\\\/pussydolls.co.uk\\\/fr\\\/produit\\\/poupee-sexuelle-masculine-162-cm-charles\\\/\",\"name\":\"Poup\u00e9e sexuelle masculine 162 cm \u2013 Charles - PUSSY DOLLS\",\"isPartOf\":{\"@id\":\"https:\\\/\\\/pussydolls.co.uk\\\/#website\"},\"primaryImageOfPage\":{\"@id\":\"https:\\\/\\\/pussydolls.co.uk\\\/fr\\\/produit\\\/poupee-sexuelle-masculine-162-cm-charles\\\/#primaryimage\"},\"image\":{\"@id\":\"https:\\\/\\\/pussydolls.co.uk\\\/fr\\\/produit\\\/poupee-sexuelle-masculine-162-cm-charles\\\/#primaryimage\"},\"thumbnailUrl\":\"https:\\\/\\\/pussydolls.co.uk\\\/wp-content\\\/uploads\\\/2021\\\/09\\\/IMG_9589.jpg\",\"datePublished\":\"2021-11-24T19:16:02+00:00\",\"dateModified\":\"2021-11-24T19:27:19+00:00\",\"description\":\"Achetez notre grande s\u00e9lection de poup\u00e9es sexuelles masculines. De haute qualit\u00e9 avec une livraison gratuite et discr\u00e8te.\",\"breadcrumb\":{\"@id\":\"https:\\\/\\\/pussydolls.co.uk\\\/fr\\\/produit\\\/poupee-sexuelle-masculine-162-cm-charles\\\/#breadcrumb\"},\"inLanguage\":\"fr-FR\",\"potentialAction\":[{\"@type\":\"ReadAction\",\"target\":[\"https:\\\/\\\/pussydolls.co.uk\\\/fr\\\/produit\\\/poupee-sexuelle-masculine-162-cm-charles\\\/\"]}]},{\"@type\":\"ImageObject\",\"inLanguage\":\"fr-FR\",\"@id\":\"https:\\\/\\\/pussydolls.co.uk\\\/fr\\\/produit\\\/poupee-sexuelle-masculine-162-cm-charles\\\/#primaryimage\",\"url\":\"https:\\\/\\\/pussydolls.co.uk\\\/wp-content\\\/uploads\\\/2021\\\/09\\\/IMG_9589.jpg\",\"contentUrl\":\"https:\\\/\\\/pussydolls.co.uk\\\/wp-content\\\/uploads\\\/2021\\\/09\\\/IMG_9589.jpg\",\"width\":750,\"height\":1125,\"caption\":\"poup\u00e9e de sexe masculin 162cm-Charles\"},{\"@type\":\"BreadcrumbList\",\"@id\":\"https:\\\/\\\/pussydolls.co.uk\\\/fr\\\/produit\\\/poupee-sexuelle-masculine-162-cm-charles\\\/#breadcrumb\",\"itemListElement\":[{\"@type\":\"ListItem\",\"position\":1,\"name\":\"Home\",\"item\":\"https:\\\/\\\/pussydolls.co.uk\\\/accueil\\\/?lang=fr\"},{\"@type\":\"ListItem\",\"position\":2,\"name\":\"Shop Realistic High Quality Sex Dolls &#038; Sex Toys\",\"item\":\"https:\\\/\\\/pussydolls.co.uk\\\/shop-realistic-high-quality-sex-dolls\\\/\"},{\"@type\":\"ListItem\",\"position\":3,\"name\":\"Poup\u00e9e sexuelle masculine 162 cm \u2013 Charles\"}]},{\"@type\":\"WebSite\",\"@id\":\"https:\\\/\\\/pussydolls.co.uk\\\/#website\",\"url\":\"https:\\\/\\\/pussydolls.co.uk\\\/\",\"name\":\"PUSSY DOLLS\",\"description\":\"Fulfil Your Desire\",\"publisher\":{\"@id\":\"https:\\\/\\\/pussydolls.co.uk\\\/#organization\"},\"potentialAction\":[{\"@type\":\"SearchAction\",\"target\":{\"@type\":\"EntryPoint\",\"urlTemplate\":\"https:\\\/\\\/pussydolls.co.uk\\\/?s={search_term_string}\"},\"query-input\":{\"@type\":\"PropertyValueSpecification\",\"valueRequired\":true,\"valueName\":\"search_term_string\"}}],\"inLanguage\":\"fr-FR\"},{\"@type\":\"Organization\",\"@id\":\"https:\\\/\\\/pussydolls.co.uk\\\/#organization\",\"name\":\"AA ELITE SERVICES LTD.\",\"url\":\"https:\\\/\\\/pussydolls.co.uk\\\/\",\"logo\":{\"@type\":\"ImageObject\",\"inLanguage\":\"fr-FR\",\"@id\":\"https:\\\/\\\/pussydolls.co.uk\\\/#\\\/schema\\\/logo\\\/image\\\/\",\"url\":\"https:\\\/\\\/pussydolls.co.uk\\\/wp-content\\\/uploads\\\/2020\\\/05\\\/cropped-111158a4-634c-4013-a6df-ba800148b307_200x200.png\",\"contentUrl\":\"https:\\\/\\\/pussydolls.co.uk\\\/wp-content\\\/uploads\\\/2020\\\/05\\\/cropped-111158a4-634c-4013-a6df-ba800148b307_200x200.png\",\"width\":200,\"height\":147,\"caption\":\"AA ELITE SERVICES LTD.\"},\"image\":{\"@id\":\"https:\\\/\\\/pussydolls.co.uk\\\/#\\\/schema\\\/logo\\\/image\\\/\"},\"sameAs\":[\"https:\\\/\\\/www.facebook.com\\\/profile.php?id=100057622832400\"]}]}<\/script>\n<!-- \/ Yoast SEO plugin. -->","yoast_head_json":{"title":"Poup\u00e9e sexuelle masculine 162 cm \u2013 Charles - PUSSY DOLLS","description":"Achetez notre grande s\u00e9lection de poup\u00e9es sexuelles masculines. De haute qualit\u00e9 avec une livraison gratuite et discr\u00e8te.","robots":{"index":"index","follow":"follow","max-snippet":"max-snippet:-1","max-image-preview":"max-image-preview:large","max-video-preview":"max-video-preview:-1"},"canonical":"https:\/\/pussydolls.co.uk\/fr\/produit\/poupee-sexuelle-masculine-162-cm-charles\/","og_locale":"fr_FR","og_type":"article","og_title":"Poup\u00e9e sexuelle masculine 162 cm \u2013 Charles - PUSSY DOLLS","og_description":"Achetez notre grande s\u00e9lection de poup\u00e9es sexuelles masculines. De haute qualit\u00e9 avec une livraison gratuite et discr\u00e8te.","og_url":"https:\/\/pussydolls.co.uk\/fr\/produit\/poupee-sexuelle-masculine-162-cm-charles\/","og_site_name":"PUSSY DOLLS","article_publisher":"https:\/\/www.facebook.com\/profile.php?id=100057622832400","article_modified_time":"2021-11-24T19:27:19+00:00","og_image":[{"width":750,"height":1125,"url":"https:\/\/pussydolls.co.uk\/wp-content\/uploads\/2021\/09\/IMG_9589.jpg","type":"image\/jpeg"}],"twitter_card":"summary_large_image","twitter_misc":{"Dur\u00e9e de lecture estim\u00e9e":"2 minutes"},"schema":{"@context":"https:\/\/schema.org","@graph":[{"@type":"WebPage","@id":"https:\/\/pussydolls.co.uk\/fr\/produit\/poupee-sexuelle-masculine-162-cm-charles\/","url":"https:\/\/pussydolls.co.uk\/fr\/produit\/poupee-sexuelle-masculine-162-cm-charles\/","name":"Poup\u00e9e sexuelle masculine 162 cm \u2013 Charles - PUSSY DOLLS","isPartOf":{"@id":"https:\/\/pussydolls.co.uk\/#website"},"primaryImageOfPage":{"@id":"https:\/\/pussydolls.co.uk\/fr\/produit\/poupee-sexuelle-masculine-162-cm-charles\/#primaryimage"},"image":{"@id":"https:\/\/pussydolls.co.uk\/fr\/produit\/poupee-sexuelle-masculine-162-cm-charles\/#primaryimage"},"thumbnailUrl":"https:\/\/pussydolls.co.uk\/wp-content\/uploads\/2021\/09\/IMG_9589.jpg","datePublished":"2021-11-24T19:16:02+00:00","dateModified":"2021-11-24T19:27:19+00:00","description":"Achetez notre grande s\u00e9lection de poup\u00e9es sexuelles masculines. De haute qualit\u00e9 avec une livraison gratuite et discr\u00e8te.","breadcrumb":{"@id":"https:\/\/pussydolls.co.uk\/fr\/produit\/poupee-sexuelle-masculine-162-cm-charles\/#breadcrumb"},"inLanguage":"fr-FR","potentialAction":[{"@type":"ReadAction","target":["https:\/\/pussydolls.co.uk\/fr\/produit\/poupee-sexuelle-masculine-162-cm-charles\/"]}]},{"@type":"ImageObject","inLanguage":"fr-FR","@id":"https:\/\/pussydolls.co.uk\/fr\/produit\/poupee-sexuelle-masculine-162-cm-charles\/#primaryimage","url":"https:\/\/pussydolls.co.uk\/wp-content\/uploads\/2021\/09\/IMG_9589.jpg","contentUrl":"https:\/\/pussydolls.co.uk\/wp-content\/uploads\/2021\/09\/IMG_9589.jpg","width":750,"height":1125,"caption":"poup\u00e9e de sexe masculin 162cm-Charles"},{"@type":"BreadcrumbList","@id":"https:\/\/pussydolls.co.uk\/fr\/produit\/poupee-sexuelle-masculine-162-cm-charles\/#breadcrumb","itemListElement":[{"@type":"ListItem","position":1,"name":"Home","item":"https:\/\/pussydolls.co.uk\/accueil\/?lang=fr"},{"@type":"ListItem","position":2,"name":"Shop Realistic High Quality Sex Dolls &#038; Sex Toys","item":"https:\/\/pussydolls.co.uk\/shop-realistic-high-quality-sex-dolls\/"},{"@type":"ListItem","position":3,"name":"Poup\u00e9e sexuelle masculine 162 cm \u2013 Charles"}]},{"@type":"WebSite","@id":"https:\/\/pussydolls.co.uk\/#website","url":"https:\/\/pussydolls.co.uk\/","name":"PUSSY DOLLS","description":"Fulfil Your Desire","publisher":{"@id":"https:\/\/pussydolls.co.uk\/#organization"},"potentialAction":[{"@type":"SearchAction","target":{"@type":"EntryPoint","urlTemplate":"https:\/\/pussydolls.co.uk\/?s={search_term_string}"},"query-input":{"@type":"PropertyValueSpecification","valueRequired":true,"valueName":"search_term_string"}}],"inLanguage":"fr-FR"},{"@type":"Organization","@id":"https:\/\/pussydolls.co.uk\/#organization","name":"AA ELITE SERVICES LTD.","url":"https:\/\/pussydolls.co.uk\/","logo":{"@type":"ImageObject","inLanguage":"fr-FR","@id":"https:\/\/pussydolls.co.uk\/#\/schema\/logo\/image\/","url":"https:\/\/pussydolls.co.uk\/wp-content\/uploads\/2020\/05\/cropped-111158a4-634c-4013-a6df-ba800148b307_200x200.png","contentUrl":"https:\/\/pussydolls.co.uk\/wp-content\/uploads\/2020\/05\/cropped-111158a4-634c-4013-a6df-ba800148b307_200x200.png","width":200,"height":147,"caption":"AA ELITE SERVICES LTD."},"image":{"@id":"https:\/\/pussydolls.co.uk\/#\/schema\/logo\/image\/"},"sameAs":["https:\/\/www.facebook.com\/profile.php?id=100057622832400"]}]}},"jetpack_sharing_enabled":true,"_links":{"self":[{"href":"https:\/\/pussydolls.co.uk\/fr\/wp-json\/wp\/v2\/product\/185498","targetHints":{"allow":["GET"]}}],"collection":[{"href":"https:\/\/pussydolls.co.uk\/fr\/wp-json\/wp\/v2\/product"}],"about":[{"href":"https:\/\/pussydolls.co.uk\/fr\/wp-json\/wp\/v2\/types\/product"}],"replies":[{"embeddable":true,"href":"https:\/\/pussydolls.co.uk\/fr\/wp-json\/wp\/v2\/comments?post=185498"}],"wp:featuredmedia":[{"embeddable":true,"href":"https:\/\/pussydolls.co.uk\/fr\/wp-json\/wp\/v2\/media\/185026"}],"wp:attachment":[{"href":"https:\/\/pussydolls.co.uk\/fr\/wp-json\/wp\/v2\/media?parent=185498"}],"wp:term":[{"taxonomy":"product_brand","embeddable":true,"href":"https:\/\/pussydolls.co.uk\/fr\/wp-json\/wp\/v2\/product_brand?post=185498"},{"taxonomy":"product_cat","embeddable":true,"href":"https:\/\/pussydolls.co.uk\/fr\/wp-json\/wp\/v2\/product_cat?post=185498"},{"taxonomy":"product_tag","embeddable":true,"href":"https:\/\/pussydolls.co.uk\/fr\/wp-json\/wp\/v2\/product_tag?post=185498"}],"curies":[{"name":"wp","href":"https:\/\/api.w.org\/{rel}","templated":true}]}}