{"id":185501,"date":"2021-09-20T17:16:24","date_gmt":"2021-11-24T19:50:26","guid":{"rendered":"https:\/\/pussydolls.co.uk\/?post_type=product&#038;p=185501"},"modified":"2021-11-24T19:50:27","modified_gmt":"2021-11-24T19:50:27","slug":"poupee-sexuelle-irontech-170cm-hellen","status":"publish","type":"product","link":"https:\/\/pussydolls.co.uk\/fr\/product\/poupee-sexuelle-irontech-170cm-hellen\/","title":{"rendered":"Poup\u00e9e Sexuelle Irontech 170cm-Hellen"},"content":{"rendered":"<div>\n<div style=\"text-align: left;\">\n<div style=\"font-family: arial;\">\n<div style=\"text-align: left;\">\n<div style=\"font-family: arial;\">\n<div>\n<div style=\"text-align: left;\">\n<div style=\"font-family: arial;\">\n<div style=\"text-align: left;\">\n<div style=\"font-family: arial;\">\n<p><strong>PRINCIPALES CARACT\u00c9RISTIQUES:<\/strong><\/p>\n<p>Poup\u00e9e Sexuelle TPE, douce au toucher et au toucher ultra r\u00e9el.<br \/>\nSquelette en alliage d&rsquo;acier enti\u00e8rement articul\u00e9 et mobile, la fait poser dans n&rsquo;importe quelle position comme une vraie femme.<br \/>\nToutes les poup\u00e9es sexuelles sont livr\u00e9es avec 3 trous (anal, vaginal, bouche) pour votre plaisir sexuel ultime.<\/p>\n<p><strong>POURQUOI NOUS CHOISIR:<\/strong><\/p>\n<p>Livraison express gratuite<br \/>\nTous les prix incluent la TVA et les frais de douane<br \/>\nPrix \u200b\u200busine direct tr\u00e8s comp\u00e9titif<br \/>\nConfidentialit\u00e9 garantie, votre vie priv\u00e9e est de la plus haute importance et avec notre emballage discret, vous pouvez faire vos achats en toute confiance.<br \/>\nPaiement s\u00e9curis\u00e9 avec protection SSL (Paypal ou VISA)<\/p>\n<p>&nbsp;<\/p>\n<p><strong>MESURE (Autoriser une tol\u00e9rance de 1 \u00e0 3 cm):<\/strong><\/p>\n<p>&nbsp;<\/p>\n<p>Hauteur-\u00a0 \u00a0 \u00a0 \u00a0 \u00a0 \u00a0 \u00a0 \u00a0 \u00a0 \u00a0 \u00a0 \u00a0 \u00a0170 cm<\/p>\n<p>Buste complet-\u00a0 \u00a0 \u00a0 \u00a0 \u00a0 \u00a0 \u00a0 \u00a091 cm<\/p>\n<p>Sous le buste-\u00a0 \u00a0 \u00a0 \u00a0 \u00a0 \u00a0 \u00a0 \u00a0 71 cm<\/p>\n<p>Tour de taille &#8211;\u00a0 \u00a0 \u00a0 \u00a0 \u00a0 \u00a0 \u00a0 \u00a0 64 cm<\/p>\n<p>Hanches-\u00a0 \u00a0 \u00a0 \u00a0 \u00a0 \u00a0 \u00a0 \u00a0 \u00a0 \u00a0 \u00a0 108\u00a0cm<\/p>\n<p>Poids &#8211;\u00a0 \u00a0 \u00a0 \u00a0 \u00a0 \u00a0 \u00a0 \u00a0 \u00a0 \u00a0 \u00a0 \u00a0 \u00a0 \u00a045 kg<\/p>\n<p>Longueur du bras-\u00a0 \u00a0 \u00a0 \u00a0 \u00a068 cm<\/p>\n<p>Largeur d&rsquo;\u00e9paule-\u00a0 \u00a0 \u00a0 \u00a0 \u00a035 cm<\/p>\n<p>Cuisses-\u00a0 \u00a0 \u00a0 \u00a0 \u00a0 \u00a0 \u00a0 \u00a0 \u00a0 \u00a0 \u00a0 \u00a057 cm<\/p>\n<p>Vagin-\u00a0 \u00a0 \u00a0 \u00a0 \u00a0 \u00a0 \u00a0 \u00a0 \u00a0 \u00a0 \u00a0 \u00a0 \u00a0 18cm<\/p>\n<p>Anal-\u00a0 \u00a0 \u00a0 \u00a0 \u00a0 \u00a0 \u00a0 \u00a0 \u00a0 \u00a0 \u00a0 \u00a0 \u00a0 \u00a0 \u00a016cm<\/p>\n<p>Orale-\u00a0 \u00a0 \u00a0 \u00a0 \u00a0 \u00a0 \u00a0 \u00a0 \u00a0 \u00a0 \u00a0 \u00a0 \u00a0 \u00a012cm<\/p>\n<p>&nbsp;<\/p>\n<p>&nbsp;<\/p>\n<p>&nbsp;<\/p>\n<p>ENTRETIEN ET PROPRET\u00c9 :<\/p>\n<p>Vous devez nettoyer la poup\u00e9e avec une mousse de douche douce. La t\u00eate doit \u00eatre enlev\u00e9e et nettoy\u00e9e s\u00e9par\u00e9ment.<br \/>\ngarder la t\u00eate loin de l&rsquo;eau. Lorsque la peau devient collante, nettoyez-la avec de la poudre de bain.<br \/>\nS\u00e9chez avec une serviette apr\u00e8s le nettoyage et appliquez de la poudre pour b\u00e9b\u00e9. NE PAS utiliser de s\u00e8che-cheveux.<br \/>\nUtilisez un shampooing doux pour laver les cheveux et laissez-les s\u00e9cher naturellement.<br \/>\nUtilisez uniquement un lubrifiant \u00e0 base d&rsquo;eau, les poup\u00e9es sexuelles en TPE, \u00e0 base de p\u00e9trole ou d&rsquo;huile endommageront le TPE.<\/p>\n<\/div>\n<\/div>\n<\/div>\n<\/div>\n<\/div>\n<\/div>\n<\/div>\n<\/div>\n<\/div>\n<\/div>\n","protected":false},"excerpt":{"rendered":"<p>PRINCIPALES CARACT\u00c9RISTIQUES: Poup\u00e9e Sexuelle TPE, douce au toucher et au toucher ultra r\u00e9el. Squelette en alliage d&rsquo;acier enti\u00e8rement articul\u00e9 et mobile, la fait poser dans n&rsquo;importe quelle position comme une vraie femme. Toutes les poup\u00e9es sexuelles sont livr\u00e9es avec 3 trous (anal, vaginal, bouche) pour votre plaisir sexuel ultime. POURQUOI NOUS CHOISIR: Livraison express gratuite [&hellip;]<\/p>\n","protected":false},"featured_media":184974,"comment_status":"open","ping_status":"closed","template":"","meta":[],"product_brand":[],"product_cat":[439,467,416,411,442],"product_tag":[356],"class_list":{"0":"post-185501","1":"product","2":"type-product","3":"status-publish","4":"has-post-thumbnail","6":"product_cat-165-cm-et-plus","7":"product_cat-35kg-39kg-fr","8":"product_cat-irontech-fr","9":"product_cat-poupees-damour-europeennes","10":"product_cat-poupees-sexuelles-athletiques","11":"product_tag-poupees","13":"first","14":"instock","15":"taxable","16":"shipping-taxable","17":"purchasable","18":"product-type-simple"},"yoast_head":"<!-- This site is optimized with the Yoast SEO plugin v27.5 - https:\/\/yoast.com\/product\/yoast-seo-wordpress\/ -->\n<title>Poup\u00e9e Sexuelle Irontech 170cm-Hellen - PUSSY DOLLS<\/title>\n<meta name=\"description\" content=\"Achetez des poup\u00e9es sexuelles tpe de haute qualit\u00e9 irontech. Faites de cette jolie poup\u00e9e sexuelle Hellen de 170 cm la v\u00f4tre. Livraison gratuite et emballage discret.\" \/>\n<meta name=\"robots\" content=\"index, follow, max-snippet:-1, max-image-preview:large, max-video-preview:-1\" \/>\n<link rel=\"canonical\" href=\"https:\/\/pussydolls.co.uk\/fr\/produit\/poupee-sexuelle-irontech-170cm-hellen\/\" \/>\n<meta property=\"og:locale\" content=\"fr_FR\" \/>\n<meta property=\"og:type\" content=\"article\" \/>\n<meta property=\"og:title\" content=\"Poup\u00e9e Sexuelle Irontech 170cm-Hellen - PUSSY DOLLS\" \/>\n<meta property=\"og:description\" content=\"Achetez des poup\u00e9es sexuelles tpe de haute qualit\u00e9 irontech. Faites de cette jolie poup\u00e9e sexuelle Hellen de 170 cm la v\u00f4tre. Livraison gratuite et emballage discret.\" \/>\n<meta property=\"og:url\" content=\"https:\/\/pussydolls.co.uk\/fr\/produit\/poupee-sexuelle-irontech-170cm-hellen\/\" \/>\n<meta property=\"og:site_name\" content=\"PUSSY DOLLS\" \/>\n<meta property=\"article:publisher\" content=\"https:\/\/www.facebook.com\/profile.php?id=100057622832400\" \/>\n<meta property=\"article:modified_time\" content=\"2021-11-24T19:50:27+00:00\" \/>\n<meta property=\"og:image\" content=\"https:\/\/pussydolls.co.uk\/wp-content\/uploads\/2021\/09\/IMG_6723.jpg\" \/>\n\t<meta property=\"og:image:width\" content=\"750\" \/>\n\t<meta property=\"og:image:height\" content=\"1125\" \/>\n\t<meta property=\"og:image:type\" content=\"image\/jpeg\" \/>\n<meta name=\"twitter:card\" content=\"summary_large_image\" \/>\n<meta name=\"twitter:label1\" content=\"Dur\u00e9e de lecture estim\u00e9e\" \/>\n\t<meta name=\"twitter:data1\" content=\"2 minutes\" \/>\n<script type=\"application\/ld+json\" class=\"yoast-schema-graph\">{\"@context\":\"https:\\\/\\\/schema.org\",\"@graph\":[{\"@type\":\"WebPage\",\"@id\":\"https:\\\/\\\/pussydolls.co.uk\\\/fr\\\/produit\\\/poupee-sexuelle-irontech-170cm-hellen\\\/\",\"url\":\"https:\\\/\\\/pussydolls.co.uk\\\/fr\\\/produit\\\/poupee-sexuelle-irontech-170cm-hellen\\\/\",\"name\":\"Poup\u00e9e Sexuelle Irontech 170cm-Hellen - PUSSY DOLLS\",\"isPartOf\":{\"@id\":\"https:\\\/\\\/pussydolls.co.uk\\\/#website\"},\"primaryImageOfPage\":{\"@id\":\"https:\\\/\\\/pussydolls.co.uk\\\/fr\\\/produit\\\/poupee-sexuelle-irontech-170cm-hellen\\\/#primaryimage\"},\"image\":{\"@id\":\"https:\\\/\\\/pussydolls.co.uk\\\/fr\\\/produit\\\/poupee-sexuelle-irontech-170cm-hellen\\\/#primaryimage\"},\"thumbnailUrl\":\"https:\\\/\\\/pussydolls.co.uk\\\/wp-content\\\/uploads\\\/2021\\\/09\\\/IMG_6723.jpg\",\"datePublished\":\"2021-11-24T19:50:26+00:00\",\"dateModified\":\"2021-11-24T19:50:27+00:00\",\"description\":\"Achetez des poup\u00e9es sexuelles tpe de haute qualit\u00e9 irontech. Faites de cette jolie poup\u00e9e sexuelle Hellen de 170 cm la v\u00f4tre. Livraison gratuite et emballage discret.\",\"breadcrumb\":{\"@id\":\"https:\\\/\\\/pussydolls.co.uk\\\/fr\\\/produit\\\/poupee-sexuelle-irontech-170cm-hellen\\\/#breadcrumb\"},\"inLanguage\":\"fr-FR\",\"potentialAction\":[{\"@type\":\"ReadAction\",\"target\":[\"https:\\\/\\\/pussydolls.co.uk\\\/fr\\\/produit\\\/poupee-sexuelle-irontech-170cm-hellen\\\/\"]}]},{\"@type\":\"ImageObject\",\"inLanguage\":\"fr-FR\",\"@id\":\"https:\\\/\\\/pussydolls.co.uk\\\/fr\\\/produit\\\/poupee-sexuelle-irontech-170cm-hellen\\\/#primaryimage\",\"url\":\"https:\\\/\\\/pussydolls.co.uk\\\/wp-content\\\/uploads\\\/2021\\\/09\\\/IMG_6723.jpg\",\"contentUrl\":\"https:\\\/\\\/pussydolls.co.uk\\\/wp-content\\\/uploads\\\/2021\\\/09\\\/IMG_6723.jpg\",\"width\":750,\"height\":1125},{\"@type\":\"BreadcrumbList\",\"@id\":\"https:\\\/\\\/pussydolls.co.uk\\\/fr\\\/produit\\\/poupee-sexuelle-irontech-170cm-hellen\\\/#breadcrumb\",\"itemListElement\":[{\"@type\":\"ListItem\",\"position\":1,\"name\":\"Home\",\"item\":\"https:\\\/\\\/pussydolls.co.uk\\\/accueil\\\/?lang=fr\"},{\"@type\":\"ListItem\",\"position\":2,\"name\":\"Shop Realistic High Quality Sex Dolls &#038; Sex Toys\",\"item\":\"https:\\\/\\\/pussydolls.co.uk\\\/shop-realistic-high-quality-sex-dolls\\\/\"},{\"@type\":\"ListItem\",\"position\":3,\"name\":\"Poup\u00e9e Sexuelle Irontech 170cm-Hellen\"}]},{\"@type\":\"WebSite\",\"@id\":\"https:\\\/\\\/pussydolls.co.uk\\\/#website\",\"url\":\"https:\\\/\\\/pussydolls.co.uk\\\/\",\"name\":\"PUSSY DOLLS\",\"description\":\"Fulfil Your Desire\",\"publisher\":{\"@id\":\"https:\\\/\\\/pussydolls.co.uk\\\/#organization\"},\"potentialAction\":[{\"@type\":\"SearchAction\",\"target\":{\"@type\":\"EntryPoint\",\"urlTemplate\":\"https:\\\/\\\/pussydolls.co.uk\\\/?s={search_term_string}\"},\"query-input\":{\"@type\":\"PropertyValueSpecification\",\"valueRequired\":true,\"valueName\":\"search_term_string\"}}],\"inLanguage\":\"fr-FR\"},{\"@type\":\"Organization\",\"@id\":\"https:\\\/\\\/pussydolls.co.uk\\\/#organization\",\"name\":\"AA ELITE SERVICES LTD.\",\"url\":\"https:\\\/\\\/pussydolls.co.uk\\\/\",\"logo\":{\"@type\":\"ImageObject\",\"inLanguage\":\"fr-FR\",\"@id\":\"https:\\\/\\\/pussydolls.co.uk\\\/#\\\/schema\\\/logo\\\/image\\\/\",\"url\":\"https:\\\/\\\/pussydolls.co.uk\\\/wp-content\\\/uploads\\\/2020\\\/05\\\/cropped-111158a4-634c-4013-a6df-ba800148b307_200x200.png\",\"contentUrl\":\"https:\\\/\\\/pussydolls.co.uk\\\/wp-content\\\/uploads\\\/2020\\\/05\\\/cropped-111158a4-634c-4013-a6df-ba800148b307_200x200.png\",\"width\":200,\"height\":147,\"caption\":\"AA ELITE SERVICES LTD.\"},\"image\":{\"@id\":\"https:\\\/\\\/pussydolls.co.uk\\\/#\\\/schema\\\/logo\\\/image\\\/\"},\"sameAs\":[\"https:\\\/\\\/www.facebook.com\\\/profile.php?id=100057622832400\"]}]}<\/script>\n<!-- \/ Yoast SEO plugin. -->","yoast_head_json":{"title":"Poup\u00e9e Sexuelle Irontech 170cm-Hellen - PUSSY DOLLS","description":"Achetez des poup\u00e9es sexuelles tpe de haute qualit\u00e9 irontech. Faites de cette jolie poup\u00e9e sexuelle Hellen de 170 cm la v\u00f4tre. Livraison gratuite et emballage discret.","robots":{"index":"index","follow":"follow","max-snippet":"max-snippet:-1","max-image-preview":"max-image-preview:large","max-video-preview":"max-video-preview:-1"},"canonical":"https:\/\/pussydolls.co.uk\/fr\/produit\/poupee-sexuelle-irontech-170cm-hellen\/","og_locale":"fr_FR","og_type":"article","og_title":"Poup\u00e9e Sexuelle Irontech 170cm-Hellen - PUSSY DOLLS","og_description":"Achetez des poup\u00e9es sexuelles tpe de haute qualit\u00e9 irontech. Faites de cette jolie poup\u00e9e sexuelle Hellen de 170 cm la v\u00f4tre. Livraison gratuite et emballage discret.","og_url":"https:\/\/pussydolls.co.uk\/fr\/produit\/poupee-sexuelle-irontech-170cm-hellen\/","og_site_name":"PUSSY DOLLS","article_publisher":"https:\/\/www.facebook.com\/profile.php?id=100057622832400","article_modified_time":"2021-11-24T19:50:27+00:00","og_image":[{"width":750,"height":1125,"url":"https:\/\/pussydolls.co.uk\/wp-content\/uploads\/2021\/09\/IMG_6723.jpg","type":"image\/jpeg"}],"twitter_card":"summary_large_image","twitter_misc":{"Dur\u00e9e de lecture estim\u00e9e":"2 minutes"},"schema":{"@context":"https:\/\/schema.org","@graph":[{"@type":"WebPage","@id":"https:\/\/pussydolls.co.uk\/fr\/produit\/poupee-sexuelle-irontech-170cm-hellen\/","url":"https:\/\/pussydolls.co.uk\/fr\/produit\/poupee-sexuelle-irontech-170cm-hellen\/","name":"Poup\u00e9e Sexuelle Irontech 170cm-Hellen - PUSSY DOLLS","isPartOf":{"@id":"https:\/\/pussydolls.co.uk\/#website"},"primaryImageOfPage":{"@id":"https:\/\/pussydolls.co.uk\/fr\/produit\/poupee-sexuelle-irontech-170cm-hellen\/#primaryimage"},"image":{"@id":"https:\/\/pussydolls.co.uk\/fr\/produit\/poupee-sexuelle-irontech-170cm-hellen\/#primaryimage"},"thumbnailUrl":"https:\/\/pussydolls.co.uk\/wp-content\/uploads\/2021\/09\/IMG_6723.jpg","datePublished":"2021-11-24T19:50:26+00:00","dateModified":"2021-11-24T19:50:27+00:00","description":"Achetez des poup\u00e9es sexuelles tpe de haute qualit\u00e9 irontech. Faites de cette jolie poup\u00e9e sexuelle Hellen de 170 cm la v\u00f4tre. Livraison gratuite et emballage discret.","breadcrumb":{"@id":"https:\/\/pussydolls.co.uk\/fr\/produit\/poupee-sexuelle-irontech-170cm-hellen\/#breadcrumb"},"inLanguage":"fr-FR","potentialAction":[{"@type":"ReadAction","target":["https:\/\/pussydolls.co.uk\/fr\/produit\/poupee-sexuelle-irontech-170cm-hellen\/"]}]},{"@type":"ImageObject","inLanguage":"fr-FR","@id":"https:\/\/pussydolls.co.uk\/fr\/produit\/poupee-sexuelle-irontech-170cm-hellen\/#primaryimage","url":"https:\/\/pussydolls.co.uk\/wp-content\/uploads\/2021\/09\/IMG_6723.jpg","contentUrl":"https:\/\/pussydolls.co.uk\/wp-content\/uploads\/2021\/09\/IMG_6723.jpg","width":750,"height":1125},{"@type":"BreadcrumbList","@id":"https:\/\/pussydolls.co.uk\/fr\/produit\/poupee-sexuelle-irontech-170cm-hellen\/#breadcrumb","itemListElement":[{"@type":"ListItem","position":1,"name":"Home","item":"https:\/\/pussydolls.co.uk\/accueil\/?lang=fr"},{"@type":"ListItem","position":2,"name":"Shop Realistic High Quality Sex Dolls &#038; Sex Toys","item":"https:\/\/pussydolls.co.uk\/shop-realistic-high-quality-sex-dolls\/"},{"@type":"ListItem","position":3,"name":"Poup\u00e9e Sexuelle Irontech 170cm-Hellen"}]},{"@type":"WebSite","@id":"https:\/\/pussydolls.co.uk\/#website","url":"https:\/\/pussydolls.co.uk\/","name":"PUSSY DOLLS","description":"Fulfil Your Desire","publisher":{"@id":"https:\/\/pussydolls.co.uk\/#organization"},"potentialAction":[{"@type":"SearchAction","target":{"@type":"EntryPoint","urlTemplate":"https:\/\/pussydolls.co.uk\/?s={search_term_string}"},"query-input":{"@type":"PropertyValueSpecification","valueRequired":true,"valueName":"search_term_string"}}],"inLanguage":"fr-FR"},{"@type":"Organization","@id":"https:\/\/pussydolls.co.uk\/#organization","name":"AA ELITE SERVICES LTD.","url":"https:\/\/pussydolls.co.uk\/","logo":{"@type":"ImageObject","inLanguage":"fr-FR","@id":"https:\/\/pussydolls.co.uk\/#\/schema\/logo\/image\/","url":"https:\/\/pussydolls.co.uk\/wp-content\/uploads\/2020\/05\/cropped-111158a4-634c-4013-a6df-ba800148b307_200x200.png","contentUrl":"https:\/\/pussydolls.co.uk\/wp-content\/uploads\/2020\/05\/cropped-111158a4-634c-4013-a6df-ba800148b307_200x200.png","width":200,"height":147,"caption":"AA ELITE SERVICES LTD."},"image":{"@id":"https:\/\/pussydolls.co.uk\/#\/schema\/logo\/image\/"},"sameAs":["https:\/\/www.facebook.com\/profile.php?id=100057622832400"]}]}},"jetpack_sharing_enabled":true,"_links":{"self":[{"href":"https:\/\/pussydolls.co.uk\/fr\/wp-json\/wp\/v2\/product\/185501","targetHints":{"allow":["GET"]}}],"collection":[{"href":"https:\/\/pussydolls.co.uk\/fr\/wp-json\/wp\/v2\/product"}],"about":[{"href":"https:\/\/pussydolls.co.uk\/fr\/wp-json\/wp\/v2\/types\/product"}],"replies":[{"embeddable":true,"href":"https:\/\/pussydolls.co.uk\/fr\/wp-json\/wp\/v2\/comments?post=185501"}],"wp:featuredmedia":[{"embeddable":true,"href":"https:\/\/pussydolls.co.uk\/fr\/wp-json\/wp\/v2\/media\/184974"}],"wp:attachment":[{"href":"https:\/\/pussydolls.co.uk\/fr\/wp-json\/wp\/v2\/media?parent=185501"}],"wp:term":[{"taxonomy":"product_brand","embeddable":true,"href":"https:\/\/pussydolls.co.uk\/fr\/wp-json\/wp\/v2\/product_brand?post=185501"},{"taxonomy":"product_cat","embeddable":true,"href":"https:\/\/pussydolls.co.uk\/fr\/wp-json\/wp\/v2\/product_cat?post=185501"},{"taxonomy":"product_tag","embeddable":true,"href":"https:\/\/pussydolls.co.uk\/fr\/wp-json\/wp\/v2\/product_tag?post=185501"}],"curies":[{"name":"wp","href":"https:\/\/api.w.org\/{rel}","templated":true}]}}